{"id":512,"date":"2024-05-10T11:29:42","date_gmt":"2024-05-10T09:29:42","guid":{"rendered":"http:\/\/www.jacobtardien.com\/?page_id=512"},"modified":"2024-11-19T16:05:34","modified_gmt":"2024-11-19T15:05:34","slug":"alpha-27","status":"publish","type":"page","link":"https:\/\/www.lostupland.com\/fr\/alpha-27\/","title":{"rendered":"Alpha 27"},"content":{"rendered":"<div class=\"wp-block-image\">\n<figure class=\"aligncenter size-large\"><img loading=\"lazy\" decoding=\"async\" width=\"691\" height=\"1024\" src=\"https:\/\/www.jacobtardien.com\/wp-content\/uploads\/2024\/05\/Leaving-POSTER_alt1-691x1024.jpg\" alt=\"\" class=\"wp-image-514\" srcset=\"https:\/\/www.lostupland.com\/wp-content\/uploads\/2024\/05\/Leaving-POSTER_alt1-691x1024.jpg 691w, https:\/\/www.lostupland.com\/wp-content\/uploads\/2024\/05\/Leaving-POSTER_alt1-203x300.jpg 203w, https:\/\/www.lostupland.com\/wp-content\/uploads\/2024\/05\/Leaving-POSTER_alt1-768x1137.jpg 768w, https:\/\/www.lostupland.com\/wp-content\/uploads\/2024\/05\/Leaving-POSTER_alt1-1037x1536.jpg 1037w, https:\/\/www.lostupland.com\/wp-content\/uploads\/2024\/05\/Leaving-POSTER_alt1-1383x2048.jpg 1383w, https:\/\/www.lostupland.com\/wp-content\/uploads\/2024\/05\/Leaving-POSTER_alt1-8x12.jpg 8w, https:\/\/www.lostupland.com\/wp-content\/uploads\/2024\/05\/Leaving-POSTER_alt1-1200x1777.jpg 1200w, https:\/\/www.lostupland.com\/wp-content\/uploads\/2024\/05\/Leaving-POSTER_alt1-1980x2932.jpg 1980w, https:\/\/www.lostupland.com\/wp-content\/uploads\/2024\/05\/Leaving-POSTER_alt1-scaled.jpg 1729w\" sizes=\"auto, (max-width: 691px) 100vw, 691px\" \/><\/figure>\n<\/div>\n\n\n<p>Apr\u00e8s une d\u00e9cennie sur Terre, Diego doit prot\u00e9ger la vie qu&rsquo;il a construite lorsque des \u00e9v\u00e9nements impr\u00e9vus le poussent \u00e0 retourner dans sa colonie spatiale d&rsquo;origine.<\/p>\n\n\n\n<hr class=\"wp-block-separator has-alpha-channel-opacity\"\/>\n\n\n\n<p><strong>Date<\/strong> : Novembre 2023<br><strong>R\u00e9alisation<\/strong> : <a href=\"https:\/\/nickazzaro.com\" data-type=\"URL\" data-id=\"https:\/\/nickazzaro.com\" target=\"_blank\" rel=\"noreferrer noopener\">Nick Azzaro<\/a><br><strong>Musique <\/strong>: <em>Jacob Tardien<\/em><\/p>\n\n\n\n<p>Voici un <a rel=\"noreferrer noopener\" href=\"https:\/\/cinemacy.com\/interview-nick-azzaro\/\" target=\"_blank\">article<\/a> (en Anglais) sur <em>Nick Azzaro<\/em> qui \u00e9voque son travail de r\u00e9alisateur sur le film <strong>Alpha 27<\/strong>, pour lequel j&rsquo;ai compos\u00e9 la musique.<\/p>\n\n\n\n<hr class=\"wp-block-separator has-alpha-channel-opacity\"\/>\n\n\n<p><iframe loading=\"lazy\" width=\"100%\" height=\"450\" scrolling=\"no\" frameborder=\"no\" allow=\"autoplay\" src=\"https:\/\/w.soundcloud.com\/player\/?url=https%3A\/\/api.soundcloud.com\/playlists\/1909465495&amp;color=%23ff5500&amp;auto_play=false&amp;hide_related=false&amp;show_comments=true&amp;show_user=true&amp;show_reposts=false&amp;show_teaser=true\"><\/iframe><\/p>\n<div style=\"font-size: 10px; color: #cccccc;line-break: anywhere;word-break: normal;overflow: hidden;white-space: nowrap;text-overflow: ellipsis; font-family: Interstate,Lucida Grande,Lucida Sans Unicode,Lucida Sans,Garuda,Verdana,Tahoma,sans-serif;font-weight: 100;\"><a href=\"https:\/\/soundcloud.com\/jacobtardien\" title=\"Jacob Tardien\" target=\"_blank\" style=\"color: #cccccc; text-decoration: none;\" rel=\"noopener\">Jacob Tardien<\/a> \u00b7 <a href=\"https:\/\/soundcloud.com\/jacobtardien\/sets\/alpha-27\" title=\"ALPHA 27\" target=\"_blank\" style=\"color: #cccccc; text-decoration: none;\" rel=\"noopener\">ALPHA 27<\/a><\/div>\n","protected":false},"excerpt":{"rendered":"<p>Apr\u00e8s une d\u00e9cennie sur Terre, Diego doit prot\u00e9ger la vie qu&rsquo;il a construite lorsque des \u00e9v\u00e9nements impr\u00e9vus le poussent \u00e0 retourner dans sa colonie spatiale d&rsquo;origine. Date : Novembre 2023R\u00e9alisation : Nick AzzaroMusique : Jacob Tardien Voici un article (en Anglais) sur Nick Azzaro qui \u00e9voque son travail de r\u00e9alisateur sur le film Alpha 27, [&hellip;]<\/p>\n","protected":false},"author":1,"featured_media":0,"parent":0,"menu_order":0,"comment_status":"closed","ping_status":"closed","template":"templates\/template-full-width.php","meta":{"footnotes":""},"class_list":["post-512","page","type-page","status-publish","hentry"],"_links":{"self":[{"href":"https:\/\/www.lostupland.com\/fr\/wp-json\/wp\/v2\/pages\/512","targetHints":{"allow":["GET"]}}],"collection":[{"href":"https:\/\/www.lostupland.com\/fr\/wp-json\/wp\/v2\/pages"}],"about":[{"href":"https:\/\/www.lostupland.com\/fr\/wp-json\/wp\/v2\/types\/page"}],"author":[{"embeddable":true,"href":"https:\/\/www.lostupland.com\/fr\/wp-json\/wp\/v2\/users\/1"}],"replies":[{"embeddable":true,"href":"https:\/\/www.lostupland.com\/fr\/wp-json\/wp\/v2\/comments?post=512"}],"version-history":[{"count":8,"href":"https:\/\/www.lostupland.com\/fr\/wp-json\/wp\/v2\/pages\/512\/revisions"}],"predecessor-version":[{"id":593,"href":"https:\/\/www.lostupland.com\/fr\/wp-json\/wp\/v2\/pages\/512\/revisions\/593"}],"wp:attachment":[{"href":"https:\/\/www.lostupland.com\/fr\/wp-json\/wp\/v2\/media?parent=512"}],"curies":[{"name":"wp","href":"https:\/\/api.w.org\/{rel}","templated":true}]}}