{"id":490,"date":"2023-06-02T12:02:11","date_gmt":"2023-06-02T10:02:11","guid":{"rendered":"http:\/\/www.jacobtardien.com\/?page_id=490"},"modified":"2023-06-02T12:07:31","modified_gmt":"2023-06-02T10:07:31","slug":"ur-heinous-habit","status":"publish","type":"page","link":"https:\/\/www.lostupland.com\/fr\/ur-heinous-habit\/","title":{"rendered":"Ur Heinous Habit"},"content":{"rendered":"\n<figure class=\"wp-block-embed is-type-video is-provider-vimeo wp-block-embed-vimeo wp-embed-aspect-16-9 wp-has-aspect-ratio\"><div class=\"wp-block-embed__wrapper\">\n<iframe loading=\"lazy\" title=\"UR HEINOUS HABIT \/\/ Trailer\" src=\"https:\/\/player.vimeo.com\/video\/826942042?dnt=1&amp;app_id=122963\" width=\"580\" height=\"326\" frameborder=\"0\" allow=\"autoplay; fullscreen; picture-in-picture; clipboard-write\"><\/iframe>\n<\/div><\/figure>\n\n\n\n<p>Un email de chantage incite un r\u00e9alisateur \u00e0&nbsp;observer la relation entre la honte et la masturbation \u00e0 travers une s\u00e9rie de conversations avec ses amis, magnifi\u00e9es par des animations savoureuses.<\/p>\n\n\n\n<hr class=\"wp-block-separator has-alpha-channel-opacity\"\/>\n\n\n\n<p><strong>Date<\/strong> : Juin 2023<br><strong>R\u00e9alisation<\/strong> : <a href=\"https:\/\/eugenekolb.com\/\" data-type=\"URL\" data-id=\"https:\/\/eugenekolb.com\/\" target=\"_blank\" rel=\"noreferrer noopener\">Eugene&nbsp;Kolb<\/a><br><strong>Musique <\/strong>: <em>Jacob Tardien<\/em><br><\/p>\n","protected":false},"excerpt":{"rendered":"<p>Un email de chantage incite un r\u00e9alisateur \u00e0&nbsp;observer la relation entre la honte et la masturbation \u00e0 travers une s\u00e9rie de conversations avec ses amis, magnifi\u00e9es par des animations savoureuses. Date : Juin 2023R\u00e9alisation : Eugene&nbsp;KolbMusique : Jacob Tardien<\/p>\n","protected":false},"author":1,"featured_media":0,"parent":0,"menu_order":0,"comment_status":"closed","ping_status":"closed","template":"templates\/template-full-width.php","meta":{"footnotes":""},"class_list":["post-490","page","type-page","status-publish","hentry"],"_links":{"self":[{"href":"https:\/\/www.lostupland.com\/fr\/wp-json\/wp\/v2\/pages\/490","targetHints":{"allow":["GET"]}}],"collection":[{"href":"https:\/\/www.lostupland.com\/fr\/wp-json\/wp\/v2\/pages"}],"about":[{"href":"https:\/\/www.lostupland.com\/fr\/wp-json\/wp\/v2\/types\/page"}],"author":[{"embeddable":true,"href":"https:\/\/www.lostupland.com\/fr\/wp-json\/wp\/v2\/users\/1"}],"replies":[{"embeddable":true,"href":"https:\/\/www.lostupland.com\/fr\/wp-json\/wp\/v2\/comments?post=490"}],"version-history":[{"count":2,"href":"https:\/\/www.lostupland.com\/fr\/wp-json\/wp\/v2\/pages\/490\/revisions"}],"predecessor-version":[{"id":493,"href":"https:\/\/www.lostupland.com\/fr\/wp-json\/wp\/v2\/pages\/490\/revisions\/493"}],"wp:attachment":[{"href":"https:\/\/www.lostupland.com\/fr\/wp-json\/wp\/v2\/media?parent=490"}],"curies":[{"name":"wp","href":"https:\/\/api.w.org\/{rel}","templated":true}]}}