{"id":425,"date":"2021-10-15T09:37:11","date_gmt":"2021-10-15T07:37:11","guid":{"rendered":"http:\/\/www.jacobtardien.com\/?page_id=425"},"modified":"2022-08-13T08:20:38","modified_gmt":"2022-08-13T06:20:38","slug":"revir-territoire","status":"publish","type":"page","link":"https:\/\/www.lostupland.com\/fr\/revir-territoire\/","title":{"rendered":"Revir (Territoire)"},"content":{"rendered":"\n<div class=\"wp-block-image\"><figure class=\"aligncenter size-large\"><img loading=\"lazy\" decoding=\"async\" width=\"699\" height=\"1024\" src=\"https:\/\/www.jacobtardien.com\/wp-content\/uploads\/2021\/10\/Revir-poster-jpeg-699x1024.jpg\" alt=\"\" class=\"wp-image-408\" srcset=\"https:\/\/www.lostupland.com\/wp-content\/uploads\/2021\/10\/Revir-poster-jpeg-699x1024.jpg 699w, https:\/\/www.lostupland.com\/wp-content\/uploads\/2021\/10\/Revir-poster-jpeg-205x300.jpg 205w, https:\/\/www.lostupland.com\/wp-content\/uploads\/2021\/10\/Revir-poster-jpeg-768x1124.jpg 768w, https:\/\/www.lostupland.com\/wp-content\/uploads\/2021\/10\/Revir-poster-jpeg-1049x1536.jpg 1049w, https:\/\/www.lostupland.com\/wp-content\/uploads\/2021\/10\/Revir-poster-jpeg-1399x2048.jpg 1399w, https:\/\/www.lostupland.com\/wp-content\/uploads\/2021\/10\/Revir-poster-jpeg-8x12.jpg 8w, https:\/\/www.lostupland.com\/wp-content\/uploads\/2021\/10\/Revir-poster-jpeg-1200x1757.jpg 1200w, https:\/\/www.lostupland.com\/wp-content\/uploads\/2021\/10\/Revir-poster-jpeg-1980x2899.jpg 1980w, https:\/\/www.lostupland.com\/wp-content\/uploads\/2021\/10\/Revir-poster-jpeg-scaled.jpg 1748w\" sizes=\"auto, (max-width: 699px) 100vw, 699px\" \/><\/figure><\/div>\n\n\n\n<p>Ce film muet raconte l&rsquo;histoire d&rsquo;une femme qui accueille une r\u00e9fugi\u00e9e pour qu&rsquo;elle ne soit pas renvoy\u00e9e dans son pays. Tandis que ces deux inconnues solitaires t\u00e2chent d&rsquo;apprendre \u00e0 se conna\u00eetre, la situation s&rsquo;envenime.<\/p>\n\n\n\n<p><em>Gabriel Bagnaschi<\/em> est un r\u00e9alisateur italien qui vit \u00e0 Oslo en Norv\u00e8ge.<\/p>\n\n\n\n<p>Ses courts m\u00e9trages&nbsp;ont \u00e9t\u00e9&nbsp;diffus\u00e9s dans de nombreux festivals internationaux dont certains en lice pour&nbsp;une qualification aux BAFTA et aux Oscars.<\/p>\n\n\n\n<hr class=\"wp-block-separator\"\/>\n\n\n\n<iframe loading=\"lazy\" width=\"100%\" height=\"450\" scrolling=\"no\" frameborder=\"no\" allow=\"autoplay\" src=\"https:\/\/w.soundcloud.com\/player\/?url=https%3A\/\/api.soundcloud.com\/playlists\/1329535861&#038;color=%23ff5500&#038;auto_play=true&#038;hide_related=false&#038;show_comments=true&#038;show_user=true&#038;show_reposts=false&#038;show_teaser=true\"><\/iframe><div style=\"font-size: 10px; color: #cccccc;line-break: anywhere;word-break: normal;overflow: hidden;white-space: nowrap;text-overflow: ellipsis; font-family: Interstate,Lucida Grande,Lucida Sans Unicode,Lucida Sans,Garuda,Verdana,Tahoma,sans-serif;font-weight: 100;\"><a href=\"https:\/\/soundcloud.com\/jacobtardien\" title=\"Jacob Tardien\" target=\"_blank\" style=\"color: #cccccc; text-decoration: none;\" rel=\"noopener\">Jacob Tardien<\/a> \u00b7 <a href=\"https:\/\/soundcloud.com\/jacobtardien\/sets\/revir\" title=\"REVIR\" target=\"_blank\" style=\"color: #cccccc; text-decoration: none;\" rel=\"noopener\">REVIR<\/a><\/div>\n","protected":false},"excerpt":{"rendered":"<p>Ce film muet raconte l&rsquo;histoire d&rsquo;une femme qui accueille une r\u00e9fugi\u00e9e pour qu&rsquo;elle ne soit pas renvoy\u00e9e dans son pays. Tandis que ces deux inconnues solitaires t\u00e2chent d&rsquo;apprendre \u00e0 se conna\u00eetre, la situation s&rsquo;envenime. Gabriel Bagnaschi est un r\u00e9alisateur italien qui vit \u00e0 Oslo en Norv\u00e8ge. Ses courts m\u00e9trages&nbsp;ont \u00e9t\u00e9&nbsp;diffus\u00e9s dans de nombreux festivals internationaux [&hellip;]<\/p>\n","protected":false},"author":1,"featured_media":0,"parent":0,"menu_order":0,"comment_status":"closed","ping_status":"closed","template":"templates\/template-full-width.php","meta":{"footnotes":""},"class_list":["post-425","page","type-page","status-publish","hentry"],"_links":{"self":[{"href":"https:\/\/www.lostupland.com\/fr\/wp-json\/wp\/v2\/pages\/425","targetHints":{"allow":["GET"]}}],"collection":[{"href":"https:\/\/www.lostupland.com\/fr\/wp-json\/wp\/v2\/pages"}],"about":[{"href":"https:\/\/www.lostupland.com\/fr\/wp-json\/wp\/v2\/types\/page"}],"author":[{"embeddable":true,"href":"https:\/\/www.lostupland.com\/fr\/wp-json\/wp\/v2\/users\/1"}],"replies":[{"embeddable":true,"href":"https:\/\/www.lostupland.com\/fr\/wp-json\/wp\/v2\/comments?post=425"}],"version-history":[{"count":4,"href":"https:\/\/www.lostupland.com\/fr\/wp-json\/wp\/v2\/pages\/425\/revisions"}],"predecessor-version":[{"id":459,"href":"https:\/\/www.lostupland.com\/fr\/wp-json\/wp\/v2\/pages\/425\/revisions\/459"}],"wp:attachment":[{"href":"https:\/\/www.lostupland.com\/fr\/wp-json\/wp\/v2\/media?parent=425"}],"curies":[{"name":"wp","href":"https:\/\/api.w.org\/{rel}","templated":true}]}}