{"id":409,"date":"2021-10-15T09:18:21","date_gmt":"2021-10-15T07:18:21","guid":{"rendered":"http:\/\/www.jacobtardien.com\/?page_id=409"},"modified":"2022-08-13T08:18:28","modified_gmt":"2022-08-13T06:18:28","slug":"are-you-in-heaven","status":"publish","type":"page","link":"https:\/\/www.lostupland.com\/fr\/are-you-in-heaven\/","title":{"rendered":"Are you in heaven"},"content":{"rendered":"\n<div class=\"wp-block-image\"><figure class=\"aligncenter size-large\"><img loading=\"lazy\" decoding=\"async\" width=\"819\" height=\"1024\" src=\"https:\/\/www.jacobtardien.com\/wp-content\/uploads\/2021\/10\/AYIH-Poster2-F-819x1024-1.jpg\" alt=\"\" class=\"wp-image-435\" srcset=\"https:\/\/www.lostupland.com\/wp-content\/uploads\/2021\/10\/AYIH-Poster2-F-819x1024-1.jpg 819w, https:\/\/www.lostupland.com\/wp-content\/uploads\/2021\/10\/AYIH-Poster2-F-819x1024-1-240x300.jpg 240w, https:\/\/www.lostupland.com\/wp-content\/uploads\/2021\/10\/AYIH-Poster2-F-819x1024-1-768x960.jpg 768w, https:\/\/www.lostupland.com\/wp-content\/uploads\/2021\/10\/AYIH-Poster2-F-819x1024-1-10x12.jpg 10w\" sizes=\"auto, (max-width: 819px) 100vw, 819px\" \/><\/figure><\/div>\n\n\n\n<p>Court m\u00e9trage exp\u00e9rimental tourn\u00e9 au Lanyang Museum de Taiwan pendant&nbsp;le confinement de l&rsquo;\u00e9t\u00e9 2020. L&rsquo;esth\u00e9tique et la mode sont au c\u0153ur de ce film engag\u00e9 qui d\u00e9nonce la consommation de viande par l&rsquo;humanit\u00e9.<\/p>\n\n\n\n<hr class=\"wp-block-separator\"\/>\n\n\n\n<p><strong>Date<\/strong> : Septembre 2021<br><strong>R\u00e9alisation<\/strong> : <a rel=\"noreferrer noopener\" href=\"http:\/\/www.hayeshayes.com\/\" target=\"_blank\"><em>Hayes bros.<\/em><\/a><br><strong>Musique <\/strong>: <em>Jacob Tardien<\/em><\/p>\n\n\n\n<hr class=\"wp-block-separator\"\/>\n\n\n\n<p><\/p>\n\n\n\n<iframe loading=\"lazy\" width=\"100%\" height=\"450\" scrolling=\"no\" frameborder=\"no\" allow=\"autoplay\" src=\"https:\/\/w.soundcloud.com\/player\/?url=https%3A\/\/api.soundcloud.com\/playlists\/1329539449&#038;color=%23ff5500&#038;auto_play=true&#038;hide_related=false&#038;show_comments=true&#038;show_user=true&#038;show_reposts=false&#038;show_teaser=true\"><\/iframe><div style=\"font-size: 10px; color: #cccccc;line-break: anywhere;word-break: normal;overflow: hidden;white-space: nowrap;text-overflow: ellipsis; font-family: Interstate,Lucida Grande,Lucida Sans Unicode,Lucida Sans,Garuda,Verdana,Tahoma,sans-serif;font-weight: 100;\"><a href=\"https:\/\/soundcloud.com\/jacobtardien\" title=\"Jacob Tardien\" target=\"_blank\" style=\"color: #cccccc; text-decoration: none;\" rel=\"noopener\">Jacob Tardien<\/a> \u00b7 <a href=\"https:\/\/soundcloud.com\/jacobtardien\/sets\/are-you-in-heaven\" title=\"ARE YOU IN HEAVEN\" target=\"_blank\" style=\"color: #cccccc; text-decoration: none;\" rel=\"noopener\">ARE YOU IN HEAVEN<\/a><\/div>\n","protected":false},"excerpt":{"rendered":"<p>Court m\u00e9trage exp\u00e9rimental tourn\u00e9 au Lanyang Museum de Taiwan pendant&nbsp;le confinement de l&rsquo;\u00e9t\u00e9 2020. L&rsquo;esth\u00e9tique et la mode sont au c\u0153ur de ce film engag\u00e9 qui d\u00e9nonce la consommation de viande par l&rsquo;humanit\u00e9. Date : Septembre 2021R\u00e9alisation : Hayes bros.Musique : Jacob Tardien Jacob Tardien \u00b7 ARE YOU IN HEAVEN<\/p>\n","protected":false},"author":1,"featured_media":0,"parent":0,"menu_order":0,"comment_status":"closed","ping_status":"closed","template":"templates\/template-full-width.php","meta":{"footnotes":""},"class_list":["post-409","page","type-page","status-publish","hentry"],"_links":{"self":[{"href":"https:\/\/www.lostupland.com\/fr\/wp-json\/wp\/v2\/pages\/409","targetHints":{"allow":["GET"]}}],"collection":[{"href":"https:\/\/www.lostupland.com\/fr\/wp-json\/wp\/v2\/pages"}],"about":[{"href":"https:\/\/www.lostupland.com\/fr\/wp-json\/wp\/v2\/types\/page"}],"author":[{"embeddable":true,"href":"https:\/\/www.lostupland.com\/fr\/wp-json\/wp\/v2\/users\/1"}],"replies":[{"embeddable":true,"href":"https:\/\/www.lostupland.com\/fr\/wp-json\/wp\/v2\/comments?post=409"}],"version-history":[{"count":8,"href":"https:\/\/www.lostupland.com\/fr\/wp-json\/wp\/v2\/pages\/409\/revisions"}],"predecessor-version":[{"id":658,"href":"https:\/\/www.lostupland.com\/fr\/wp-json\/wp\/v2\/pages\/409\/revisions\/658"}],"wp:attachment":[{"href":"https:\/\/www.lostupland.com\/fr\/wp-json\/wp\/v2\/media?parent=409"}],"curies":[{"name":"wp","href":"https:\/\/api.w.org\/{rel}","templated":true}]}}