{"id":367,"date":"2021-04-17T16:37:57","date_gmt":"2021-04-17T14:37:57","guid":{"rendered":"http:\/\/www.jacobtardien.com\/?page_id=367"},"modified":"2022-08-13T08:17:25","modified_gmt":"2022-08-13T06:17:25","slug":"against-the-current","status":"publish","type":"page","link":"https:\/\/www.lostupland.com\/fr\/against-the-current\/","title":{"rendered":"Against the Current"},"content":{"rendered":"\n<div class=\"wp-block-image\"><figure class=\"aligncenter size-large\"><img loading=\"lazy\" decoding=\"async\" width=\"691\" height=\"1024\" src=\"https:\/\/www.jacobtardien.com\/wp-content\/uploads\/2021\/10\/AGAINST_THE_CURRENT-MOVIE_POSTER-1-691x1024.png\" alt=\"\" class=\"wp-image-416\" srcset=\"https:\/\/www.lostupland.com\/wp-content\/uploads\/2021\/10\/AGAINST_THE_CURRENT-MOVIE_POSTER-1-691x1024.png 691w, https:\/\/www.lostupland.com\/wp-content\/uploads\/2021\/10\/AGAINST_THE_CURRENT-MOVIE_POSTER-1-203x300.png 203w, https:\/\/www.lostupland.com\/wp-content\/uploads\/2021\/10\/AGAINST_THE_CURRENT-MOVIE_POSTER-1-768x1138.png 768w, https:\/\/www.lostupland.com\/wp-content\/uploads\/2021\/10\/AGAINST_THE_CURRENT-MOVIE_POSTER-1-1037x1536.png 1037w, https:\/\/www.lostupland.com\/wp-content\/uploads\/2021\/10\/AGAINST_THE_CURRENT-MOVIE_POSTER-1-1382x2048.png 1382w, https:\/\/www.lostupland.com\/wp-content\/uploads\/2021\/10\/AGAINST_THE_CURRENT-MOVIE_POSTER-1-8x12.png 8w, https:\/\/www.lostupland.com\/wp-content\/uploads\/2021\/10\/AGAINST_THE_CURRENT-MOVIE_POSTER-1-1200x1778.png 1200w, https:\/\/www.lostupland.com\/wp-content\/uploads\/2021\/10\/AGAINST_THE_CURRENT-MOVIE_POSTER-1-1980x2933.png 1980w\" sizes=\"auto, (max-width: 691px) 100vw, 691px\" \/><\/figure><\/div>\n\n\n\n<p><strong>Against the Current&nbsp;<\/strong>d\u00e9crit les jours pr\u00e9c\u00e9dant la tentative de Sarah Ferguson d&rsquo;\u00eatre la premi\u00e8re&nbsp;personne \u00e0 faire le tour de l&rsquo;\u00cele de P\u00e2ques \u00e0 la nage sans s&rsquo;arr\u00eater. Avec l&rsquo;interdiction de toucher un bateau ou une autre personne et une&nbsp; estimation de 32 heures de nage au milieu de courants colossaux, cette entreprise repr\u00e9sente un r\u00e9el d\u00e9fi qu&rsquo;elle n&rsquo;a pu affronter qu&rsquo;avec l&rsquo;aide de toutes les personnes pr\u00e9sentes \u00e0 ses c\u00f4t\u00e9s.<\/p>\n\n\n\n<p>Ce film documentaire raconte non seulement l&rsquo;engagement d&rsquo;une \u00e9quipe&nbsp;pour la r\u00e9ussite de Sarah Ferguson mais aussi et surtout l&rsquo;importance d&rsquo;une prise de conscience rapide des d\u00e9g\u00e2ts de la pollution plastique dans nos oc\u00e9ans.<\/p>\n\n\n\n<hr class=\"wp-block-separator\"\/>\n\n\n\n<p><strong>Date<\/strong>&nbsp;: Avril 2021<br><strong>R\u00e9alisation<\/strong>&nbsp;:&nbsp;<em>Tod Hardin &amp; Erik Aleynikov<\/em><br><strong>Musique&nbsp;<\/strong>:&nbsp;<em>Jacob Tardien<\/em><br><strong>Racont\u00e9 par <\/strong>&nbsp;:&nbsp;<em>Matthew Modine<\/em><\/p>\n\n\n\n<hr class=\"wp-block-separator\"\/>\n\n\n\n<iframe loading=\"lazy\" width=\"100%\" height=\"450\" scrolling=\"no\" frameborder=\"no\" allow=\"autoplay\" src=\"https:\/\/w.soundcloud.com\/player\/?url=https%3A\/\/api.soundcloud.com\/playlists\/1437032155&#038;color=%23ff5500&#038;auto_play=true&#038;hide_related=false&#038;show_comments=true&#038;show_user=true&#038;show_reposts=false&#038;show_teaser=true\"><\/iframe><div style=\"font-size: 10px; color: #cccccc;line-break: anywhere;word-break: normal;overflow: hidden;white-space: nowrap;text-overflow: ellipsis; font-family: Interstate,Lucida Grande,Lucida Sans Unicode,Lucida Sans,Garuda,Verdana,Tahoma,sans-serif;font-weight: 100;\"><a href=\"https:\/\/soundcloud.com\/jacobtardien\" title=\"Jacob Tardien\" target=\"_blank\" style=\"color: #cccccc; text-decoration: none;\" rel=\"noopener\">Jacob Tardien<\/a> \u00b7 <a href=\"https:\/\/soundcloud.com\/jacobtardien\/sets\/playlist\" title=\"ADVENTURE\" target=\"_blank\" style=\"color: #cccccc; text-decoration: none;\" rel=\"noopener\">ADVENTURE<\/a><\/div>\n","protected":false},"excerpt":{"rendered":"<p>Against the Current&nbsp;d\u00e9crit les jours pr\u00e9c\u00e9dant la tentative de Sarah Ferguson d&rsquo;\u00eatre la premi\u00e8re&nbsp;personne \u00e0 faire le tour de l&rsquo;\u00cele de P\u00e2ques \u00e0 la nage sans s&rsquo;arr\u00eater. Avec l&rsquo;interdiction de toucher un bateau ou une autre personne et une&nbsp; estimation de 32 heures de nage au milieu de courants colossaux, cette entreprise repr\u00e9sente un r\u00e9el [&hellip;]<\/p>\n","protected":false},"author":1,"featured_media":370,"parent":0,"menu_order":0,"comment_status":"closed","ping_status":"closed","template":"templates\/template-full-width.php","meta":{"footnotes":""},"class_list":["post-367","page","type-page","status-publish","has-post-thumbnail","hentry"],"_links":{"self":[{"href":"https:\/\/www.lostupland.com\/fr\/wp-json\/wp\/v2\/pages\/367","targetHints":{"allow":["GET"]}}],"collection":[{"href":"https:\/\/www.lostupland.com\/fr\/wp-json\/wp\/v2\/pages"}],"about":[{"href":"https:\/\/www.lostupland.com\/fr\/wp-json\/wp\/v2\/types\/page"}],"author":[{"embeddable":true,"href":"https:\/\/www.lostupland.com\/fr\/wp-json\/wp\/v2\/users\/1"}],"replies":[{"embeddable":true,"href":"https:\/\/www.lostupland.com\/fr\/wp-json\/wp\/v2\/comments?post=367"}],"version-history":[{"count":14,"href":"https:\/\/www.lostupland.com\/fr\/wp-json\/wp\/v2\/pages\/367\/revisions"}],"predecessor-version":[{"id":456,"href":"https:\/\/www.lostupland.com\/fr\/wp-json\/wp\/v2\/pages\/367\/revisions\/456"}],"wp:featuredmedia":[{"embeddable":true,"href":"https:\/\/www.lostupland.com\/fr\/wp-json\/wp\/v2\/media\/370"}],"wp:attachment":[{"href":"https:\/\/www.lostupland.com\/fr\/wp-json\/wp\/v2\/media?parent=367"}],"curies":[{"name":"wp","href":"https:\/\/api.w.org\/{rel}","templated":true}]}}