{"id":164,"date":"2020-12-15T21:03:27","date_gmt":"2020-12-15T20:03:27","guid":{"rendered":"http:\/\/2020.jacobtardien.com\/?page_id=164"},"modified":"2020-12-18T17:12:47","modified_gmt":"2020-12-18T16:12:47","slug":"the-other-side","status":"publish","type":"page","link":"https:\/\/www.lostupland.com\/fr\/the-other-side\/","title":{"rendered":"The Other Side"},"content":{"rendered":"\n<div class=\"wp-block-image\"><figure class=\"aligncenter size-large\"><img loading=\"lazy\" decoding=\"async\" width=\"1024\" height=\"649\" src=\"http:\/\/2020.jacobtardien.com\/wp-content\/uploads\/2020\/12\/TOS-affiche-1024x649.jpg\" alt=\"\" class=\"wp-image-165\" srcset=\"https:\/\/www.lostupland.com\/wp-content\/uploads\/2020\/12\/TOS-affiche-1024x649.jpg 1024w, https:\/\/www.lostupland.com\/wp-content\/uploads\/2020\/12\/TOS-affiche-300x190.jpg 300w, https:\/\/www.lostupland.com\/wp-content\/uploads\/2020\/12\/TOS-affiche-768x487.jpg 768w, https:\/\/www.lostupland.com\/wp-content\/uploads\/2020\/12\/TOS-affiche-1536x973.jpg 1536w, https:\/\/www.lostupland.com\/wp-content\/uploads\/2020\/12\/TOS-affiche-16x10.jpg 16w, https:\/\/www.lostupland.com\/wp-content\/uploads\/2020\/12\/TOS-affiche-1200x760.jpg 1200w, https:\/\/www.lostupland.com\/wp-content\/uploads\/2020\/12\/TOS-affiche.jpg 1772w\" sizes=\"auto, (max-width: 1024px) 100vw, 1024px\" \/><\/figure><\/div>\n\n\n\n<p>Dans un territoire invisible, aux marges de la soci\u00e9t\u00e9, \u00e0 la limite entre l\u2019ill\u00e9galit\u00e9 et l\u2019anarchie, vit une communaut\u00e9 endolorie qui fait face \u00e0 une menace : celle de tomber dans l\u2019oubli. Des v\u00e9t\u00e9rans d\u00e9sarm\u00e9s, des adolescents taciturnes, des drogu\u00e9s qui cherchent dans l\u2019amour une issue \u00e0 leur d\u00e9pendance, des anciens combattants des forces sp\u00e9ciales toujours en guerre avec le monde, des jeunes femmes et futures m\u00e8res \u00e0 la d\u00e9rive, des vieux qui n\u2019ont pas perdu leur d\u00e9sir de vivre&#8230; Dans cette humanit\u00e9 cach\u00e9e, s\u2019ouvrent les abysses de l\u2019Am\u00e9rique d\u2019aujourd\u2019hui. <\/p>\n\n\n\n<hr class=\"wp-block-separator is-style-wide\"\/>\n\n\n\n<p><strong>Date de r\u00e9alisation<\/strong> : 2015<br><strong>R\u00e9alisation<\/strong> : <em>Roberto Minervini<\/em><br><strong>Avec<\/strong> : <em>Mark Kelly, Lisa Allen, James Lee Miller<\/em><br><\/p>\n","protected":false},"excerpt":{"rendered":"<p>Dans un territoire invisible, aux marges de la soci\u00e9t\u00e9, \u00e0 la limite entre l\u2019ill\u00e9galit\u00e9 et l\u2019anarchie, vit une communaut\u00e9 endolorie qui fait face \u00e0 une menace : celle de tomber dans l\u2019oubli. Des v\u00e9t\u00e9rans d\u00e9sarm\u00e9s, des adolescents taciturnes, des drogu\u00e9s qui cherchent dans l\u2019amour une issue \u00e0 leur d\u00e9pendance, des anciens combattants des forces sp\u00e9ciales [&hellip;]<\/p>\n","protected":false},"author":1,"featured_media":0,"parent":0,"menu_order":0,"comment_status":"closed","ping_status":"closed","template":"templates\/template-full-width.php","meta":{"footnotes":""},"class_list":["post-164","page","type-page","status-publish","hentry"],"_links":{"self":[{"href":"https:\/\/www.lostupland.com\/fr\/wp-json\/wp\/v2\/pages\/164","targetHints":{"allow":["GET"]}}],"collection":[{"href":"https:\/\/www.lostupland.com\/fr\/wp-json\/wp\/v2\/pages"}],"about":[{"href":"https:\/\/www.lostupland.com\/fr\/wp-json\/wp\/v2\/types\/page"}],"author":[{"embeddable":true,"href":"https:\/\/www.lostupland.com\/fr\/wp-json\/wp\/v2\/users\/1"}],"replies":[{"embeddable":true,"href":"https:\/\/www.lostupland.com\/fr\/wp-json\/wp\/v2\/comments?post=164"}],"version-history":[{"count":3,"href":"https:\/\/www.lostupland.com\/fr\/wp-json\/wp\/v2\/pages\/164\/revisions"}],"predecessor-version":[{"id":315,"href":"https:\/\/www.lostupland.com\/fr\/wp-json\/wp\/v2\/pages\/164\/revisions\/315"}],"wp:attachment":[{"href":"https:\/\/www.lostupland.com\/fr\/wp-json\/wp\/v2\/media?parent=164"}],"curies":[{"name":"wp","href":"https:\/\/api.w.org\/{rel}","templated":true}]}}