{"id":157,"date":"2020-12-15T20:49:39","date_gmt":"2020-12-15T19:49:39","guid":{"rendered":"http:\/\/2020.jacobtardien.com\/?page_id=157"},"modified":"2020-12-18T16:54:56","modified_gmt":"2020-12-18T15:54:56","slug":"reload-music","status":"publish","type":"page","link":"https:\/\/www.lostupland.com\/fr\/reload-music\/","title":{"rendered":"Reload Music"},"content":{"rendered":"\n<figure class=\"wp-block-embed is-type-video is-provider-vimeo wp-block-embed-vimeo wp-embed-aspect-16-9 wp-has-aspect-ratio\"><div class=\"wp-block-embed__wrapper\">\n<iframe loading=\"lazy\" title=\"The Great Dictator\" src=\"https:\/\/player.vimeo.com\/video\/34624821?dnt=1&amp;app_id=122963\" width=\"580\" height=\"326\" frameborder=\"0\" allow=\"autoplay; fullscreen; picture-in-picture; clipboard-write\"><\/iframe>\n<\/div><\/figure>\n\n\n\n<p>La rencontre entre Jacob Tardien et Bertrand D\u00e9foss\u00e9 marque le d\u00e9but d\u2019une cr\u00e9ation riche de leurs cultures artistiques diff\u00e9rentes. De cette rencontre est n\u00e9 le projet Reload Music. En s\u2019inspirant de chefs-d\u2019\u0153uvres du cin\u00e9ma, ils ont souhait\u00e9 en proposer une r\u00e9interpr\u00e9tation musicale, afin d\u2019offrir au spectateur un autre regard.<\/p>\n\n\n\n<hr class=\"wp-block-separator is-style-wide\"\/>\n","protected":false},"excerpt":{"rendered":"<p>La rencontre entre Jacob Tardien et Bertrand D\u00e9foss\u00e9 marque le d\u00e9but d\u2019une cr\u00e9ation riche de leurs cultures artistiques diff\u00e9rentes. De cette rencontre est n\u00e9 le projet Reload Music. En s\u2019inspirant de chefs-d\u2019\u0153uvres du cin\u00e9ma, ils ont souhait\u00e9 en proposer une r\u00e9interpr\u00e9tation musicale, afin d\u2019offrir au spectateur un autre regard.<\/p>\n","protected":false},"author":1,"featured_media":0,"parent":0,"menu_order":0,"comment_status":"closed","ping_status":"closed","template":"templates\/template-full-width.php","meta":{"footnotes":""},"class_list":["post-157","page","type-page","status-publish","hentry"],"_links":{"self":[{"href":"https:\/\/www.lostupland.com\/fr\/wp-json\/wp\/v2\/pages\/157","targetHints":{"allow":["GET"]}}],"collection":[{"href":"https:\/\/www.lostupland.com\/fr\/wp-json\/wp\/v2\/pages"}],"about":[{"href":"https:\/\/www.lostupland.com\/fr\/wp-json\/wp\/v2\/types\/page"}],"author":[{"embeddable":true,"href":"https:\/\/www.lostupland.com\/fr\/wp-json\/wp\/v2\/users\/1"}],"replies":[{"embeddable":true,"href":"https:\/\/www.lostupland.com\/fr\/wp-json\/wp\/v2\/comments?post=157"}],"version-history":[{"count":6,"href":"https:\/\/www.lostupland.com\/fr\/wp-json\/wp\/v2\/pages\/157\/revisions"}],"predecessor-version":[{"id":308,"href":"https:\/\/www.lostupland.com\/fr\/wp-json\/wp\/v2\/pages\/157\/revisions\/308"}],"wp:attachment":[{"href":"https:\/\/www.lostupland.com\/fr\/wp-json\/wp\/v2\/media?parent=157"}],"curies":[{"name":"wp","href":"https:\/\/api.w.org\/{rel}","templated":true}]}}