{"id":155,"date":"2020-12-15T20:44:52","date_gmt":"2020-12-15T19:44:52","guid":{"rendered":"http:\/\/2020.jacobtardien.com\/?page_id=155"},"modified":"2022-08-13T08:28:12","modified_gmt":"2022-08-13T06:28:12","slug":"midnight-delivery","status":"publish","type":"page","link":"https:\/\/www.lostupland.com\/fr\/midnight-delivery\/","title":{"rendered":"Midnight Delivery"},"content":{"rendered":"\n<figure class=\"wp-block-embed is-type-video is-provider-vimeo wp-block-embed-vimeo wp-embed-aspect-16-9 wp-has-aspect-ratio\"><div class=\"wp-block-embed__wrapper\">\n<iframe loading=\"lazy\" title=\"&quot;Midnight Delivery&quot; Trailer\" src=\"https:\/\/player.vimeo.com\/video\/261760592?dnt=1&amp;app_id=122963\" width=\"580\" height=\"326\" frameborder=\"0\" allow=\"autoplay; fullscreen; picture-in-picture; clipboard-write\"><\/iframe>\n<\/div><\/figure>\n\n\n\n<p><em>Nathan Crooker<\/em> est un sc\u00e9nariste et r\u00e9alisateur reconnu. Il a grandi \u00e0 Leonminster, dans le Massachussetts, une petite ville non loin de Boston. Il travaille depuis longtemps sur la meilleure fa\u00e7on de raconter une histoire en utilisant un style cin\u00e9matographique brut et authentique.<\/p>\n\n\n\n<p>Il a tout d&rsquo;abord commenc\u00e9 sa carri\u00e8re comme acteur. Il a jou\u00e9 le r\u00f4le principal dans le film <em>This Revolution<\/em>, s\u00e9lectionn\u00e9 au festival du film de Sundance de 2005. Lors de ce festival, il a obtenu d&rsquo;excellentes critiques de <em>Variety<\/em>.<\/p>\n\n\n\n<hr class=\"wp-block-separator is-style-wide\"\/>\n\n\n\n<p><strong>R\u00e9alisation <\/strong>: <a rel=\"noreferrer noopener\" href=\"https:\/\/www.nathancrooker.com\/\" target=\"_blank\"><em>Nathan Crooker<\/em><\/a><br><strong>Avec <\/strong>: <a rel=\"noreferrer noopener\" href=\"http:\/\/www.danielleguldin.com\/\" target=\"_blank\"><em>Danielle Guldin<\/em><\/a><br><strong>Musique <\/strong>: <em>Jacob Tardien<\/em><\/p>\n\n\n\n<hr class=\"wp-block-separator is-style-wide\"\/>\n\n\n\n<iframe loading=\"lazy\" width=\"100%\" height=\"450\" scrolling=\"no\" frameborder=\"no\" allow=\"autoplay\" src=\"https:\/\/w.soundcloud.com\/player\/?url=https%3A\/\/api.soundcloud.com\/playlists\/595608978&#038;color=%23ff5500&#038;auto_play=true&#038;hide_related=false&#038;show_comments=true&#038;show_user=true&#038;show_reposts=false&#038;show_teaser=true\"><\/iframe><div style=\"font-size: 10px; color: #cccccc;line-break: anywhere;word-break: normal;overflow: hidden;white-space: nowrap;text-overflow: ellipsis; font-family: Interstate,Lucida Grande,Lucida Sans Unicode,Lucida Sans,Garuda,Verdana,Tahoma,sans-serif;font-weight: 100;\"><a href=\"https:\/\/soundcloud.com\/jacobtardien\" title=\"Jacob Tardien\" target=\"_blank\" style=\"color: #cccccc; text-decoration: none;\" rel=\"noopener\">Jacob Tardien<\/a> \u00b7 <a href=\"https:\/\/soundcloud.com\/jacobtardien\/sets\/midnight-delivery\" title=\"MIDNIGHT DELIVERY\" target=\"_blank\" style=\"color: #cccccc; text-decoration: none;\" rel=\"noopener\">MIDNIGHT DELIVERY<\/a><\/div>\n","protected":false},"excerpt":{"rendered":"<p>Nathan Crooker est un sc\u00e9nariste et r\u00e9alisateur reconnu. Il a grandi \u00e0 Leonminster, dans le Massachussetts, une petite ville non loin de Boston. Il travaille depuis longtemps sur la meilleure fa\u00e7on de raconter une histoire en utilisant un style cin\u00e9matographique brut et authentique. Il a tout d&rsquo;abord commenc\u00e9 sa carri\u00e8re comme acteur. Il a jou\u00e9 [&hellip;]<\/p>\n","protected":false},"author":1,"featured_media":0,"parent":0,"menu_order":0,"comment_status":"closed","ping_status":"closed","template":"templates\/template-full-width.php","meta":{"footnotes":""},"class_list":["post-155","page","type-page","status-publish","hentry"],"_links":{"self":[{"href":"https:\/\/www.lostupland.com\/fr\/wp-json\/wp\/v2\/pages\/155","targetHints":{"allow":["GET"]}}],"collection":[{"href":"https:\/\/www.lostupland.com\/fr\/wp-json\/wp\/v2\/pages"}],"about":[{"href":"https:\/\/www.lostupland.com\/fr\/wp-json\/wp\/v2\/types\/page"}],"author":[{"embeddable":true,"href":"https:\/\/www.lostupland.com\/fr\/wp-json\/wp\/v2\/users\/1"}],"replies":[{"embeddable":true,"href":"https:\/\/www.lostupland.com\/fr\/wp-json\/wp\/v2\/comments?post=155"}],"version-history":[{"count":5,"href":"https:\/\/www.lostupland.com\/fr\/wp-json\/wp\/v2\/pages\/155\/revisions"}],"predecessor-version":[{"id":467,"href":"https:\/\/www.lostupland.com\/fr\/wp-json\/wp\/v2\/pages\/155\/revisions\/467"}],"wp:attachment":[{"href":"https:\/\/www.lostupland.com\/fr\/wp-json\/wp\/v2\/media?parent=155"}],"curies":[{"name":"wp","href":"https:\/\/api.w.org\/{rel}","templated":true}]}}