{"id":153,"date":"2020-12-15T20:41:35","date_gmt":"2020-12-15T19:41:35","guid":{"rendered":"http:\/\/2020.jacobtardien.com\/?page_id=153"},"modified":"2022-08-13T08:27:17","modified_gmt":"2022-08-13T06:27:17","slug":"little-hope","status":"publish","type":"page","link":"https:\/\/www.lostupland.com\/fr\/little-hope\/","title":{"rendered":"Little Hope"},"content":{"rendered":"\n<figure class=\"wp-block-embed is-type-video is-provider-vimeo wp-block-embed-vimeo wp-embed-aspect-16-9 wp-has-aspect-ratio\"><div class=\"wp-block-embed__wrapper\">\n<iframe loading=\"lazy\" title=\"LITTLE HOPE TRAILER\" src=\"https:\/\/player.vimeo.com\/video\/261577358?dnt=1&amp;app_id=122963\" width=\"580\" height=\"326\" frameborder=\"0\" allow=\"autoplay; fullscreen; picture-in-picture; clipboard-write\"><\/iframe>\n<\/div><\/figure>\n\n\n\n<p><em>Tout juste sorti de prison, le psychanalyste d\u00e9chu <strong>Terry Roper<\/strong> s&rsquo;efforce de reprendre le contr\u00f4le de sa vie. Il retourne dans sa ville natale pour diriger un groupe de parole dans l&rsquo;\u00e9glise locale fr\u00e9quent\u00e9e par sa m\u00e8re..<\/em><\/p>\n\n\n\n<p>Jacqueline Dow vient de Boston dans le Massachussetts. Elle a d\u00e9m\u00e9nag\u00e9 \u00e0 New York pour suivre une formation au Barnard College de l&rsquo;universit\u00e9 de Columbia.<\/p>\n\n\n\n<p>Elle a longtemps travaill\u00e9 dans le monde de la publicit\u00e9, en aidant \u00e0 la production de nombreuses vid\u00e9os. Son travail dans la publicit\u00e9 a obtenu de nombreuses r\u00e9compenses dont le <em>Porsche Awards<\/em>.<\/p>\n\n\n\n<p>Sa filmographie comprend des courts m\u00e9trages, des documentaires et des films promotionnels. &nbsp;Son travail a \u00e9t\u00e9 r\u00e9cemment ajout\u00e9 \u00e0 la Director&rsquo;s Guild&rsquo;s New Director&rsquo;s Showcase.<\/p>\n\n\n\n<hr class=\"wp-block-separator is-style-wide\"\/>\n\n\n\n<p><strong>R\u00e9alisation <\/strong>: <a rel=\"noreferrer noopener\" href=\"https:\/\/www.jacquelinedowfilm.com\/\" target=\"_blank\"><em>Jacqueline Dow<\/em><\/a><br><strong>Avec <\/strong>: <em>Ed Herbstman, Sondra James, Juliet Brett, Mark Gessner, Marcy Harriell, Gilles Geary<\/em><br><strong>Musique <\/strong>: <em>Jacob Tardien<\/em><\/p>\n\n\n\n<hr class=\"wp-block-separator is-style-wide\"\/>\n\n\n\n<iframe loading=\"lazy\" width=\"100%\" height=\"450\" scrolling=\"no\" frameborder=\"no\" allow=\"autoplay\" src=\"https:\/\/w.soundcloud.com\/player\/?url=https%3A\/\/api.soundcloud.com\/playlists\/595612716&#038;color=%23ff5500&#038;auto_play=true&#038;hide_related=false&#038;show_comments=true&#038;show_user=true&#038;show_reposts=false&#038;show_teaser=true\"><\/iframe><div style=\"font-size: 10px; color: #cccccc;line-break: anywhere;word-break: normal;overflow: hidden;white-space: nowrap;text-overflow: ellipsis; font-family: Interstate,Lucida Grande,Lucida Sans Unicode,Lucida Sans,Garuda,Verdana,Tahoma,sans-serif;font-weight: 100;\"><a href=\"https:\/\/soundcloud.com\/jacobtardien\" title=\"Jacob Tardien\" target=\"_blank\" style=\"color: #cccccc; text-decoration: none;\" rel=\"noopener\">Jacob Tardien<\/a> \u00b7 <a href=\"https:\/\/soundcloud.com\/jacobtardien\/sets\/little-hopeserie\" title=\"LITTLE HOPE\" target=\"_blank\" style=\"color: #cccccc; text-decoration: none;\" rel=\"noopener\">LITTLE HOPE<\/a><\/div>\n","protected":false},"excerpt":{"rendered":"<p>Tout juste sorti de prison, le psychanalyste d\u00e9chu Terry Roper s&rsquo;efforce de reprendre le contr\u00f4le de sa vie. Il retourne dans sa ville natale pour diriger un groupe de parole dans l&rsquo;\u00e9glise locale fr\u00e9quent\u00e9e par sa m\u00e8re.. Jacqueline Dow vient de Boston dans le Massachussetts. Elle a d\u00e9m\u00e9nag\u00e9 \u00e0 New York pour suivre une formation [&hellip;]<\/p>\n","protected":false},"author":1,"featured_media":0,"parent":0,"menu_order":0,"comment_status":"closed","ping_status":"closed","template":"templates\/template-full-width.php","meta":{"footnotes":""},"class_list":["post-153","page","type-page","status-publish","hentry"],"_links":{"self":[{"href":"https:\/\/www.lostupland.com\/fr\/wp-json\/wp\/v2\/pages\/153","targetHints":{"allow":["GET"]}}],"collection":[{"href":"https:\/\/www.lostupland.com\/fr\/wp-json\/wp\/v2\/pages"}],"about":[{"href":"https:\/\/www.lostupland.com\/fr\/wp-json\/wp\/v2\/types\/page"}],"author":[{"embeddable":true,"href":"https:\/\/www.lostupland.com\/fr\/wp-json\/wp\/v2\/users\/1"}],"replies":[{"embeddable":true,"href":"https:\/\/www.lostupland.com\/fr\/wp-json\/wp\/v2\/comments?post=153"}],"version-history":[{"count":4,"href":"https:\/\/www.lostupland.com\/fr\/wp-json\/wp\/v2\/pages\/153\/revisions"}],"predecessor-version":[{"id":466,"href":"https:\/\/www.lostupland.com\/fr\/wp-json\/wp\/v2\/pages\/153\/revisions\/466"}],"wp:attachment":[{"href":"https:\/\/www.lostupland.com\/fr\/wp-json\/wp\/v2\/media?parent=153"}],"curies":[{"name":"wp","href":"https:\/\/api.w.org\/{rel}","templated":true}]}}