{"id":137,"date":"2020-12-15T18:54:25","date_gmt":"2020-12-15T17:54:25","guid":{"rendered":"http:\/\/2020.jacobtardien.com\/?page_id=137"},"modified":"2022-08-13T08:26:27","modified_gmt":"2022-08-13T06:26:27","slug":"fight-machine","status":"publish","type":"page","link":"https:\/\/www.lostupland.com\/fr\/fight-machine\/","title":{"rendered":"Fight Machine"},"content":{"rendered":"\n<figure class=\"wp-block-embed is-type-video is-provider-youtube wp-block-embed-youtube wp-embed-aspect-16-9 wp-has-aspect-ratio\"><div class=\"wp-block-embed__wrapper\">\n<iframe loading=\"lazy\" title=\"A Sci-Fi Short Film: &quot;Fight Machine&quot;  - by The Hayes Brothers\" width=\"580\" height=\"326\" src=\"https:\/\/www.youtube.com\/embed\/VoeajrH83Vw?feature=oembed\" frameborder=\"0\" allow=\"accelerometer; autoplay; clipboard-write; encrypted-media; gyroscope; picture-in-picture; web-share\" referrerpolicy=\"strict-origin-when-cross-origin\" allowfullscreen><\/iframe>\n<\/div><\/figure>\n\n\n\n<p><strong>Fight Machine<\/strong> imagine un futur proche o\u00f9 des militaires auxquels l&rsquo;arm\u00e9e a greff\u00e9 des membres bioniques retournent dans la soci\u00e9t\u00e9 civile. Imagin\u00e9 par les fr\u00e8res Hayes, ce documentaire fictif interroge de fa\u00e7on anxiog\u00e8ne les bouleversements qu&rsquo;apporterait dans la soci\u00e9t\u00e9 l&rsquo;utilisation de technologies transhumanistes venues de l&rsquo;arm\u00e9e. En s&rsquo;int\u00e9ressant notamment \u00e0 l&rsquo;impact de ces technologies sur les sports de combats et les activit\u00e9s ill\u00e9gales, il anticipe l&rsquo;av\u00e8nement du \u00ab\u00a0Post-Humain\u00a0\u00bb.<\/p>\n\n\n\n<hr class=\"wp-block-separator is-style-wide\"\/>\n\n\n\n<p><a rel=\"noreferrer noopener\" href=\"http:\/\/www.hayeshayes.com\" target=\"_blank\">Adam Hayes<\/a> &amp; <a rel=\"noreferrer noopener\" href=\"http:\/\/www.hayeshayes.com\" target=\"_blank\">Nick Hayes<\/a> ont commenc\u00e9 leur carri\u00e8re comme directeurs artistiques dans le monde de la mode et de la publicit\u00e9. Ils sont aujourd&rsquo;hui producteurs et cin\u00e9astes.<\/p>\n\n\n\n<hr class=\"wp-block-separator is-style-wide\"\/>\n\n\n\n<iframe loading=\"lazy\" width=\"100%\" height=\"450\" scrolling=\"no\" frameborder=\"no\" allow=\"autoplay\" src=\"https:\/\/w.soundcloud.com\/player\/?url=https%3A\/\/api.soundcloud.com\/playlists\/596181378&#038;color=%23ff5500&#038;auto_play=true&#038;hide_related=false&#038;show_comments=true&#038;show_user=true&#038;show_reposts=false&#038;show_teaser=true\"><\/iframe><div style=\"font-size: 10px; color: #cccccc;line-break: anywhere;word-break: normal;overflow: hidden;white-space: nowrap;text-overflow: ellipsis; font-family: Interstate,Lucida Grande,Lucida Sans Unicode,Lucida Sans,Garuda,Verdana,Tahoma,sans-serif;font-weight: 100;\"><a href=\"https:\/\/soundcloud.com\/jacobtardien\" title=\"Jacob Tardien\" target=\"_blank\" style=\"color: #cccccc; text-decoration: none;\" rel=\"noopener\">Jacob Tardien<\/a> \u00b7 <a href=\"https:\/\/soundcloud.com\/jacobtardien\/sets\/fight-machine\" title=\"FIGHT MACHINE\" target=\"_blank\" style=\"color: #cccccc; text-decoration: none;\" rel=\"noopener\">FIGHT MACHINE<\/a><\/div>\n","protected":false},"excerpt":{"rendered":"<p>Fight Machine imagine un futur proche o\u00f9 des militaires auxquels l&rsquo;arm\u00e9e a greff\u00e9 des membres bioniques retournent dans la soci\u00e9t\u00e9 civile. Imagin\u00e9 par les fr\u00e8res Hayes, ce documentaire fictif interroge de fa\u00e7on anxiog\u00e8ne les bouleversements qu&rsquo;apporterait dans la soci\u00e9t\u00e9 l&rsquo;utilisation de technologies transhumanistes venues de l&rsquo;arm\u00e9e. En s&rsquo;int\u00e9ressant notamment \u00e0 l&rsquo;impact de ces technologies sur [&hellip;]<\/p>\n","protected":false},"author":1,"featured_media":0,"parent":0,"menu_order":0,"comment_status":"closed","ping_status":"closed","template":"templates\/template-full-width.php","meta":{"footnotes":""},"class_list":["post-137","page","type-page","status-publish","hentry"],"_links":{"self":[{"href":"https:\/\/www.lostupland.com\/fr\/wp-json\/wp\/v2\/pages\/137","targetHints":{"allow":["GET"]}}],"collection":[{"href":"https:\/\/www.lostupland.com\/fr\/wp-json\/wp\/v2\/pages"}],"about":[{"href":"https:\/\/www.lostupland.com\/fr\/wp-json\/wp\/v2\/types\/page"}],"author":[{"embeddable":true,"href":"https:\/\/www.lostupland.com\/fr\/wp-json\/wp\/v2\/users\/1"}],"replies":[{"embeddable":true,"href":"https:\/\/www.lostupland.com\/fr\/wp-json\/wp\/v2\/comments?post=137"}],"version-history":[{"count":6,"href":"https:\/\/www.lostupland.com\/fr\/wp-json\/wp\/v2\/pages\/137\/revisions"}],"predecessor-version":[{"id":465,"href":"https:\/\/www.lostupland.com\/fr\/wp-json\/wp\/v2\/pages\/137\/revisions\/465"}],"wp:attachment":[{"href":"https:\/\/www.lostupland.com\/fr\/wp-json\/wp\/v2\/media?parent=137"}],"curies":[{"name":"wp","href":"https:\/\/api.w.org\/{rel}","templated":true}]}}