{"id":120,"date":"2020-12-15T18:08:18","date_gmt":"2020-12-15T17:08:18","guid":{"rendered":"http:\/\/2020.jacobtardien.com\/?page_id=120"},"modified":"2025-06-10T13:23:03","modified_gmt":"2025-06-10T11:23:03","slug":"4d","status":"publish","type":"page","link":"https:\/\/www.lostupland.com\/fr\/4d\/","title":{"rendered":"4D"},"content":{"rendered":"\n<p>Tokyo, Japan.<br>Au clair de lune, une superbe veuve assiste \u00e0 la c\u00e9r\u00e9monie de comm\u00e9moration de la mort de son mari Anjin. Le temps et l&rsquo;espace s&rsquo;estompent alors que Sachi tente de ramener son bien-aim\u00e9 pour un dernier instant.<\/p>\n\n\n\n<p>Tourn\u00e9 dans les rues de Tokyo et Kyoto au Japon, sans \u00e9quipe ni budget.<\/p>\n\n\n\n<hr class=\"wp-block-separator has-css-opacity is-style-wide\"\/>\n\n\n\n<p><strong>Date<\/strong> : F\u00e9vrier 2019<br><strong>R\u00e9alisation<\/strong> : <a rel=\"noreferrer noopener\" href=\"http:\/\/www.hayeshayes.com\/\" target=\"_blank\"><em>Hayes bros.<\/em><\/a><br><strong>Musique <\/strong>: <em>Jacob Tardien<\/em><br><strong>Acteurs<\/strong> : <em>Yasushi J Takada, Shichino Risa, Asuka Shimada, Hisako Masuda<\/em><\/p>\n\n\n\n<hr class=\"wp-block-separator has-css-opacity is-style-wide\"\/>\n\n\n\n<iframe loading=\"lazy\" width=\"100%\" height=\"450\" scrolling=\"no\" frameborder=\"no\" allow=\"autoplay\" src=\"https:\/\/w.soundcloud.com\/player\/?url=https%3A\/\/api.soundcloud.com\/playlists\/872602994&#038;color=%23ff5500&#038;auto_play=true&#038;hide_related=false&#038;show_comments=true&#038;show_user=true&#038;show_reposts=false&#038;show_teaser=true\"><\/iframe><div style=\"font-size: 10px; color: #cccccc;line-break: anywhere;word-break: normal;overflow: hidden;white-space: nowrap;text-overflow: ellipsis; font-family: Interstate,Lucida Grande,Lucida Sans Unicode,Lucida Sans,Garuda,Verdana,Tahoma,sans-serif;font-weight: 100;\"><a href=\"https:\/\/soundcloud.com\/jacobtardien\" title=\"Jacob Tardien\" target=\"_blank\" style=\"color: #cccccc; text-decoration: none;\" rel=\"noopener\">Jacob Tardien<\/a> \u00b7 <a href=\"https:\/\/soundcloud.com\/jacobtardien\/sets\/4d-1\" title=\"4D\" target=\"_blank\" style=\"color: #cccccc; text-decoration: none;\" rel=\"noopener\">4D<\/a><\/div>\n","protected":false},"excerpt":{"rendered":"<p>Tokyo, Japan.Au clair de lune, une superbe veuve assiste \u00e0 la c\u00e9r\u00e9monie de comm\u00e9moration de la mort de son mari Anjin. Le temps et l&rsquo;espace s&rsquo;estompent alors que Sachi tente de ramener son bien-aim\u00e9 pour un dernier instant. Tourn\u00e9 dans les rues de Tokyo et Kyoto au Japon, sans \u00e9quipe ni budget. Date : F\u00e9vrier [&hellip;]<\/p>\n","protected":false},"author":1,"featured_media":0,"parent":0,"menu_order":0,"comment_status":"closed","ping_status":"closed","template":"templates\/template-full-width.php","meta":{"footnotes":""},"class_list":["post-120","page","type-page","status-publish","hentry"],"_links":{"self":[{"href":"https:\/\/www.lostupland.com\/fr\/wp-json\/wp\/v2\/pages\/120","targetHints":{"allow":["GET"]}}],"collection":[{"href":"https:\/\/www.lostupland.com\/fr\/wp-json\/wp\/v2\/pages"}],"about":[{"href":"https:\/\/www.lostupland.com\/fr\/wp-json\/wp\/v2\/types\/page"}],"author":[{"embeddable":true,"href":"https:\/\/www.lostupland.com\/fr\/wp-json\/wp\/v2\/users\/1"}],"replies":[{"embeddable":true,"href":"https:\/\/www.lostupland.com\/fr\/wp-json\/wp\/v2\/comments?post=120"}],"version-history":[{"count":12,"href":"https:\/\/www.lostupland.com\/fr\/wp-json\/wp\/v2\/pages\/120\/revisions"}],"predecessor-version":[{"id":646,"href":"https:\/\/www.lostupland.com\/fr\/wp-json\/wp\/v2\/pages\/120\/revisions\/646"}],"wp:attachment":[{"href":"https:\/\/www.lostupland.com\/fr\/wp-json\/wp\/v2\/media?parent=120"}],"curies":[{"name":"wp","href":"https:\/\/api.w.org\/{rel}","templated":true}]}}