{"id":115,"date":"2020-12-15T17:55:03","date_gmt":"2020-12-15T16:55:03","guid":{"rendered":"http:\/\/2020.jacobtardien.com\/?page_id=115"},"modified":"2022-08-13T08:29:48","modified_gmt":"2022-08-13T06:29:48","slug":"a-strange-bird","status":"publish","type":"page","link":"https:\/\/www.lostupland.com\/fr\/a-strange-bird\/","title":{"rendered":"A strange bird"},"content":{"rendered":"\n<figure class=\"wp-block-embed is-type-video is-provider-vimeo wp-block-embed-vimeo wp-embed-aspect-16-9 wp-has-aspect-ratio\"><div class=\"wp-block-embed__wrapper\">\n<iframe loading=\"lazy\" title=\"LITTLE HOPE TRAILER\" src=\"https:\/\/player.vimeo.com\/video\/261577358?dnt=1&amp;app_id=122963\" width=\"580\" height=\"326\" frameborder=\"0\" allow=\"autoplay; fullscreen; picture-in-picture; clipboard-write\"><\/iframe>\n<\/div><\/figure>\n\n\n\n<p>Deux jeunes femmes se prom\u00e8nent dans un parc pendant un jour de cong\u00e9, partageant leur r\u00e9centes exp\u00e9riences qui ont d\u00e9termin\u00e9 leurs impressions sur l&rsquo;une et l&rsquo;autre.<\/p>\n\n\n\n<p>Puis, par la magie du cin\u00e9ma, elles \u00e9changent leurs r\u00f4les et racontent les m\u00eames histoires depuis un point de vue diff\u00e9rent.<\/p>\n\n\n\n<p>Les deux histoires se transforment et prennent un tout autre sens.<\/p>\n\n\n\n<hr class=\"wp-block-separator is-style-wide\"\/>\n\n\n\n<p><strong>R\u00e9alisation<\/strong> : <em>David Bemis<\/em><br><strong>Musique<\/strong> : <em>Jacob Tardien<\/em><\/p>\n\n\n\n<hr class=\"wp-block-separator is-style-wide\"\/>\n\n\n\n<iframe loading=\"lazy\" width=\"100%\" height=\"450\" scrolling=\"no\" frameborder=\"no\" allow=\"autoplay\" src=\"https:\/\/w.soundcloud.com\/player\/?url=https%3A\/\/api.soundcloud.com\/playlists\/401899349&#038;color=%23ff5500&#038;auto_play=true&#038;hide_related=false&#038;show_comments=true&#038;show_user=true&#038;show_reposts=false&#038;show_teaser=true\"><\/iframe><div style=\"font-size: 10px; color: #cccccc;line-break: anywhere;word-break: normal;overflow: hidden;white-space: nowrap;text-overflow: ellipsis; font-family: Interstate,Lucida Grande,Lucida Sans Unicode,Lucida Sans,Garuda,Verdana,Tahoma,sans-serif;font-weight: 100;\"><a href=\"https:\/\/soundcloud.com\/jacobtardien\" title=\"Jacob Tardien\" target=\"_blank\" style=\"color: #cccccc; text-decoration: none;\" rel=\"noopener\">Jacob Tardien<\/a> \u00b7 <a href=\"https:\/\/soundcloud.com\/jacobtardien\/sets\/a-strange-bird\" title=\"A strange Bird\" target=\"_blank\" style=\"color: #cccccc; text-decoration: none;\" rel=\"noopener\">A strange Bird<\/a><\/div>\n","protected":false},"excerpt":{"rendered":"<p>Deux jeunes femmes se prom\u00e8nent dans un parc pendant un jour de cong\u00e9, partageant leur r\u00e9centes exp\u00e9riences qui ont d\u00e9termin\u00e9 leurs impressions sur l&rsquo;une et l&rsquo;autre. Puis, par la magie du cin\u00e9ma, elles \u00e9changent leurs r\u00f4les et racontent les m\u00eames histoires depuis un point de vue diff\u00e9rent. Les deux histoires se transforment et prennent un [&hellip;]<\/p>\n","protected":false},"author":1,"featured_media":0,"parent":0,"menu_order":0,"comment_status":"closed","ping_status":"closed","template":"templates\/template-full-width.php","meta":{"footnotes":""},"class_list":["post-115","page","type-page","status-publish","hentry"],"_links":{"self":[{"href":"https:\/\/www.lostupland.com\/fr\/wp-json\/wp\/v2\/pages\/115","targetHints":{"allow":["GET"]}}],"collection":[{"href":"https:\/\/www.lostupland.com\/fr\/wp-json\/wp\/v2\/pages"}],"about":[{"href":"https:\/\/www.lostupland.com\/fr\/wp-json\/wp\/v2\/types\/page"}],"author":[{"embeddable":true,"href":"https:\/\/www.lostupland.com\/fr\/wp-json\/wp\/v2\/users\/1"}],"replies":[{"embeddable":true,"href":"https:\/\/www.lostupland.com\/fr\/wp-json\/wp\/v2\/comments?post=115"}],"version-history":[{"count":8,"href":"https:\/\/www.lostupland.com\/fr\/wp-json\/wp\/v2\/pages\/115\/revisions"}],"predecessor-version":[{"id":468,"href":"https:\/\/www.lostupland.com\/fr\/wp-json\/wp\/v2\/pages\/115\/revisions\/468"}],"wp:attachment":[{"href":"https:\/\/www.lostupland.com\/fr\/wp-json\/wp\/v2\/media?parent=115"}],"curies":[{"name":"wp","href":"https:\/\/api.w.org\/{rel}","templated":true}]}}