{"id":92,"date":"2020-12-15T17:09:07","date_gmt":"2020-12-15T16:09:07","guid":{"rendered":"http:\/\/2020.jacobtardien.com\/?page_id=92"},"modified":"2022-08-13T08:23:08","modified_gmt":"2022-08-13T06:23:08","slug":"cupid-19","status":"publish","type":"page","link":"https:\/\/www.lostupland.com\/en\/cupid-19\/","title":{"rendered":"Cupid-19"},"content":{"rendered":"<figure class=\"wp-block-embed is-type-video is-provider-vimeo wp-block-embed-vimeo wp-embed-aspect-16-9 wp-has-aspect-ratio\"><div class=\"wp-block-embed__wrapper\">\n<iframe loading=\"lazy\" title=\"CUPID-19\" src=\"https:\/\/player.vimeo.com\/video\/431819578?dnt=1&amp;app_id=122963\" width=\"580\" height=\"326\" frameborder=\"0\" allow=\"autoplay; fullscreen; picture-in-picture; clipboard-write\"><\/iframe>\n<\/div><\/figure>\n\n\n\n<p>It's the year 2020 and COVID-19 has run rampant. Cities are on lockdown &amp; everyone is legally mandated to wear masks. In such desperate times, the lines between love and loneliness can get a little blurry...<\/p>\n\n\n\n<hr class=\"wp-block-separator is-style-wide\"\/>\n\n\n\n<p><strong>Writer, Director &amp; Editor <\/strong>: <em>Jono Freedrix<\/em><br><strong>Starring :<\/strong> <em>Martin Friedrichs<\/em> &amp; <em>Summer Moran<\/em><br><strong>Director of Photography<\/strong> <em>Guillermo Cameo<\/em><br><strong>Music :<\/strong> <em>Jacob Tardien<\/em><\/p>\n\n\n\n<hr class=\"wp-block-separator is-style-wide\"\/>\n\n\n\n<iframe loading=\"lazy\" width=\"100%\" height=\"166\" scrolling=\"no\" frameborder=\"no\" allow=\"autoplay\" src=\"https:\/\/w.soundcloud.com\/player\/?url=https%3A\/\/api.soundcloud.com\/tracks\/885027679&#038;color=%23ff5500&#038;auto_play=true&#038;hide_related=false&#038;show_comments=true&#038;show_user=true&#038;show_reposts=false&#038;show_teaser=true\"><\/iframe><div style=\"font-size: 10px; color: #cccccc;line-break: anywhere;word-break: normal;overflow: hidden;white-space: nowrap;text-overflow: ellipsis; font-family: Interstate,Lucida Grande,Lucida Sans Unicode,Lucida Sans,Garuda,Verdana,Tahoma,sans-serif;font-weight: 100;\"><a href=\"https:\/\/soundcloud.com\/jacobtardien\" title=\"Jacob Tardien\" target=\"_blank\" style=\"color: #cccccc; text-decoration: none;\" rel=\"noopener\">Jacob Tardien<\/a> \u00b7 <a href=\"https:\/\/soundcloud.com\/jacobtardien\/cupid-19\" title=\"CUPID - 19\" target=\"_blank\" style=\"color: #cccccc; text-decoration: none;\" rel=\"noopener\">CUPID &#8211; 19<\/a><\/div>","protected":false},"excerpt":{"rendered":"<p>En 2020, pendant l\u2019\u00e9pid\u00e9mie du Covid-19, les villes sont en confinement et toute la population doit porter un masque. En ces temps troubl\u00e9s, amour et solitude ne sont plus si antinomiques Ecriture, R\u00e9alisation &amp; Montage : Jono FreedrixAvec : Martin Friedrichs &amp; Summer MoranDirecteur de la photographie : Guillermo CameoMusique : Jacob Tardien Jacob Tardien [&hellip;]<\/p>\n","protected":false},"author":1,"featured_media":0,"parent":0,"menu_order":0,"comment_status":"closed","ping_status":"closed","template":"templates\/template-full-width.php","meta":{"footnotes":""},"class_list":["post-92","page","type-page","status-publish","hentry"],"_links":{"self":[{"href":"https:\/\/www.lostupland.com\/en\/wp-json\/wp\/v2\/pages\/92","targetHints":{"allow":["GET"]}}],"collection":[{"href":"https:\/\/www.lostupland.com\/en\/wp-json\/wp\/v2\/pages"}],"about":[{"href":"https:\/\/www.lostupland.com\/en\/wp-json\/wp\/v2\/types\/page"}],"author":[{"embeddable":true,"href":"https:\/\/www.lostupland.com\/en\/wp-json\/wp\/v2\/users\/1"}],"replies":[{"embeddable":true,"href":"https:\/\/www.lostupland.com\/en\/wp-json\/wp\/v2\/comments?post=92"}],"version-history":[{"count":6,"href":"https:\/\/www.lostupland.com\/en\/wp-json\/wp\/v2\/pages\/92\/revisions"}],"predecessor-version":[{"id":462,"href":"https:\/\/www.lostupland.com\/en\/wp-json\/wp\/v2\/pages\/92\/revisions\/462"}],"wp:attachment":[{"href":"https:\/\/www.lostupland.com\/en\/wp-json\/wp\/v2\/media?parent=92"}],"curies":[{"name":"wp","href":"https:\/\/api.w.org\/{rel}","templated":true}]}}