{"id":657,"date":"2026-02-08T12:40:59","date_gmt":"2026-02-08T11:40:59","guid":{"rendered":"https:\/\/www.lostupland.com\/?page_id=657"},"modified":"2026-02-08T12:40:59","modified_gmt":"2026-02-08T11:40:59","slug":"scissors-2025","status":"publish","type":"page","link":"https:\/\/www.lostupland.com\/en\/scissors-2025\/","title":{"rendered":"Scissors 2025"},"content":{"rendered":"<figure class=\"wp-block-image size-large\"><img loading=\"lazy\" decoding=\"async\" width=\"927\" height=\"1024\" src=\"https:\/\/www.lostupland.com\/wp-content\/uploads\/2026\/02\/IMG_9396-927x1024.jpg\" alt=\"\" class=\"wp-image-649\" srcset=\"https:\/\/www.lostupland.com\/wp-content\/uploads\/2026\/02\/IMG_9396-927x1024.jpg 927w, https:\/\/www.lostupland.com\/wp-content\/uploads\/2026\/02\/IMG_9396-271x300.jpg 271w, https:\/\/www.lostupland.com\/wp-content\/uploads\/2026\/02\/IMG_9396-768x849.jpg 768w, https:\/\/www.lostupland.com\/wp-content\/uploads\/2026\/02\/IMG_9396-11x12.jpg 11w, https:\/\/www.lostupland.com\/wp-content\/uploads\/2026\/02\/IMG_9396.jpg 1170w\" sizes=\"auto, (max-width: 927px) 100vw, 927px\" \/><\/figure>\n\n\n\n<p>After stopping at an isolated station, Luna resumes her journey home, where she is heading to a bachelorette party. Unaware, a man follows her from a distance, his unseen presence lingering behind her.<\/p>\n\n\n\n<hr class=\"wp-block-separator has-alpha-channel-opacity\"\/>\n\n\n\n<p><strong>Release date<\/strong> : 2025<br><strong>Directed by<\/strong> : <em>Hannah Alline<\/em><br><strong>Screenplay by <\/strong>: <em>Hannah Aslesen<\/em><br><strong>Music <\/strong>: <em>Jacob Tardien<\/em><\/p>","protected":false},"excerpt":{"rendered":"<p>Apr\u00e8s un arr\u00eat dans une station isol\u00e9e, Luna reprend sa route vers chez elle, o\u00f9 elle doit rejoindre la f\u00eate pour un&nbsp; enterrement de vie de jeune fille. Elle ignore qu\u2019un homme la suit \u00e0 distance, sa pr\u00e9sence invisible planant derri\u00e8re elle. Date : 2025R\u00e9alisation : Hannah AllineSc\u00e9nario : Hannah AslesenMusique : Jacob Tardien<\/p>","protected":false},"author":1,"featured_media":0,"parent":0,"menu_order":0,"comment_status":"closed","ping_status":"closed","template":"","meta":{"footnotes":""},"class_list":["post-657","page","type-page","status-publish","hentry"],"_links":{"self":[{"href":"https:\/\/www.lostupland.com\/en\/wp-json\/wp\/v2\/pages\/657","targetHints":{"allow":["GET"]}}],"collection":[{"href":"https:\/\/www.lostupland.com\/en\/wp-json\/wp\/v2\/pages"}],"about":[{"href":"https:\/\/www.lostupland.com\/en\/wp-json\/wp\/v2\/types\/page"}],"author":[{"embeddable":true,"href":"https:\/\/www.lostupland.com\/en\/wp-json\/wp\/v2\/users\/1"}],"replies":[{"embeddable":true,"href":"https:\/\/www.lostupland.com\/en\/wp-json\/wp\/v2\/comments?post=657"}],"version-history":[{"count":1,"href":"https:\/\/www.lostupland.com\/en\/wp-json\/wp\/v2\/pages\/657\/revisions"}],"predecessor-version":[{"id":659,"href":"https:\/\/www.lostupland.com\/en\/wp-json\/wp\/v2\/pages\/657\/revisions\/659"}],"wp:attachment":[{"href":"https:\/\/www.lostupland.com\/en\/wp-json\/wp\/v2\/media?parent=657"}],"curies":[{"name":"wp","href":"https:\/\/api.w.org\/{rel}","templated":true}]}}