{"id":539,"date":"2024-05-10T12:26:44","date_gmt":"2024-05-10T10:26:44","guid":{"rendered":"http:\/\/www.jacobtardien.com\/?page_id=539"},"modified":"2025-06-01T18:51:42","modified_gmt":"2025-06-01T16:51:42","slug":"sew-torn","status":"publish","type":"page","link":"https:\/\/www.lostupland.com\/en\/sew-torn\/","title":{"rendered":"Sew Torn"},"content":{"rendered":"<figure class=\"wp-block-embed is-type-video is-provider-youtube wp-block-embed-youtube wp-embed-aspect-16-9 wp-has-aspect-ratio\"><div class=\"wp-block-embed__wrapper\">\n<iframe loading=\"lazy\" title=\"Sew Torn | Official Trailer (2025) | Coming to U.S. Theaters May 9th\" width=\"580\" height=\"326\" src=\"https:\/\/www.youtube.com\/embed\/DRu8hLsgODo?feature=oembed\" frameborder=\"0\" allow=\"accelerometer; autoplay; clipboard-write; encrypted-media; gyroscope; picture-in-picture; web-share\" referrerpolicy=\"strict-origin-when-cross-origin\" allowfullscreen><\/iframe>\n<\/div><\/figure>\n\n\n\n<div class=\"wp-block-group is-content-justification-center is-nowrap is-layout-flex wp-container-core-group-is-layout-94bc23d7 wp-block-group-is-layout-flex\"><div class=\"wp-block-image wp-duotone-unset-1\">\n<figure class=\"aligncenter size-full is-resized\"><a href=\"https:\/\/open.spotify.com\/intl-fr\/artist\/42rrYwSdalh6WANjTjjysf\" target=\"_blank\" rel=\" noreferrer noopener\"><img loading=\"lazy\" decoding=\"async\" width=\"512\" height=\"512\" src=\"https:\/\/www.jacobtardien.com\/wp-content\/uploads\/2025\/06\/spotify.png\" alt=\"\" class=\"wp-image-616\" style=\"width:50px\" srcset=\"https:\/\/www.lostupland.com\/wp-content\/uploads\/2025\/06\/spotify.png 512w, https:\/\/www.lostupland.com\/wp-content\/uploads\/2025\/06\/spotify-300x300.png 300w, https:\/\/www.lostupland.com\/wp-content\/uploads\/2025\/06\/spotify-150x150.png 150w, https:\/\/www.lostupland.com\/wp-content\/uploads\/2025\/06\/spotify-12x12.png 12w\" sizes=\"auto, (max-width: 512px) 100vw, 512px\" \/><\/a><\/figure>\n<\/div>\n\n<div class=\"wp-block-image\">\n<figure class=\"aligncenter size-full is-resized\"><a href=\"https:\/\/music.apple.com\/us\/album\/sew-torn\/1812164225\" target=\"_blank\" rel=\" noreferrer noopener\"><img loading=\"lazy\" decoding=\"async\" width=\"512\" height=\"512\" src=\"https:\/\/www.jacobtardien.com\/wp-content\/uploads\/2025\/06\/music.png\" alt=\"\" class=\"wp-image-617\" style=\"object-fit:cover;width:50px;height:50px\" srcset=\"https:\/\/www.lostupland.com\/wp-content\/uploads\/2025\/06\/music.png 512w, https:\/\/www.lostupland.com\/wp-content\/uploads\/2025\/06\/music-300x300.png 300w, https:\/\/www.lostupland.com\/wp-content\/uploads\/2025\/06\/music-150x150.png 150w, https:\/\/www.lostupland.com\/wp-content\/uploads\/2025\/06\/music-12x12.png 12w\" sizes=\"auto, (max-width: 512px) 100vw, 512px\" \/><\/a><\/figure>\n<\/div>\n\n<div class=\"wp-block-image\">\n<figure class=\"aligncenter size-full is-resized\"><a href=\"https:\/\/www.qobuz.com\/au-en\/album\/sew-torn-jacob-tardien\/nz39t2r67606a\" target=\"_blank\" rel=\" noreferrer noopener\"><img loading=\"lazy\" decoding=\"async\" width=\"110\" height=\"110\" src=\"https:\/\/www.jacobtardien.com\/wp-content\/uploads\/2025\/06\/qobuz_logo_full.png\" alt=\"\" class=\"wp-image-613\" style=\"object-fit:cover;width:50px;height:50px\" srcset=\"https:\/\/www.lostupland.com\/wp-content\/uploads\/2025\/06\/qobuz_logo_full.png 110w, https:\/\/www.lostupland.com\/wp-content\/uploads\/2025\/06\/qobuz_logo_full-12x12.png 12w\" sizes=\"auto, (max-width: 110px) 100vw, 110px\" \/><\/a><\/figure>\n<\/div>\n\n<div class=\"wp-block-image\">\n<figure class=\"aligncenter size-full is-resized\"><a href=\"https:\/\/www.amazon.fr\/dp\/B0F79L7SSX?ie=UTF8&amp;tag=filmmuziek09-21&amp;viewID=\" target=\"_blank\" rel=\" noreferrer noopener\"><img loading=\"lazy\" decoding=\"async\" width=\"512\" height=\"512\" src=\"https:\/\/www.jacobtardien.com\/wp-content\/uploads\/2025\/06\/arrow.png\" alt=\"\" class=\"wp-image-614\" style=\"object-fit:cover;width:50px;height:50px\" srcset=\"https:\/\/www.lostupland.com\/wp-content\/uploads\/2025\/06\/arrow.png 512w, https:\/\/www.lostupland.com\/wp-content\/uploads\/2025\/06\/arrow-300x300.png 300w, https:\/\/www.lostupland.com\/wp-content\/uploads\/2025\/06\/arrow-150x150.png 150w, https:\/\/www.lostupland.com\/wp-content\/uploads\/2025\/06\/arrow-12x12.png 12w\" sizes=\"auto, (max-width: 512px) 100vw, 512px\" \/><\/a><\/figure>\n<\/div>\n\n<div class=\"wp-block-image\">\n<figure class=\"aligncenter size-full is-resized\"><a href=\"https:\/\/www.youtube.com\/playlist?list=OLAK5uy_mTl6a9UeDtmKpszMn8K3dUz_YQ0ZRUmpE\" target=\"_blank\" rel=\" noreferrer noopener\"><img loading=\"lazy\" decoding=\"async\" width=\"512\" height=\"512\" src=\"https:\/\/www.jacobtardien.com\/wp-content\/uploads\/2025\/06\/youtube.png\" alt=\"\" class=\"wp-image-615\" style=\"object-fit:cover;width:50px;height:50px\" srcset=\"https:\/\/www.lostupland.com\/wp-content\/uploads\/2025\/06\/youtube.png 512w, https:\/\/www.lostupland.com\/wp-content\/uploads\/2025\/06\/youtube-300x300.png 300w, https:\/\/www.lostupland.com\/wp-content\/uploads\/2025\/06\/youtube-150x150.png 150w, https:\/\/www.lostupland.com\/wp-content\/uploads\/2025\/06\/youtube-12x12.png 12w\" sizes=\"auto, (max-width: 512px) 100vw, 512px\" \/><\/a><\/figure>\n<\/div>\n\n<div class=\"wp-block-image\">\n<figure class=\"aligncenter size-full is-resized\"><a href=\"https:\/\/dzr.page.link\/SUCVHe3KpMR7gEjp8\" target=\"_blank\" rel=\" noreferrer noopener\"><img loading=\"lazy\" decoding=\"async\" width=\"512\" height=\"512\" src=\"https:\/\/www.jacobtardien.com\/wp-content\/uploads\/2025\/06\/deezer.png\" alt=\"\" class=\"wp-image-612\" style=\"object-fit:cover;width:50px;height:50px\" srcset=\"https:\/\/www.lostupland.com\/wp-content\/uploads\/2025\/06\/deezer.png 512w, https:\/\/www.lostupland.com\/wp-content\/uploads\/2025\/06\/deezer-300x300.png 300w, https:\/\/www.lostupland.com\/wp-content\/uploads\/2025\/06\/deezer-150x150.png 150w, https:\/\/www.lostupland.com\/wp-content\/uploads\/2025\/06\/deezer-12x12.png 12w\" sizes=\"auto, (max-width: 512px) 100vw, 512px\" \/><\/a><\/figure>\n<\/div><\/div>\n\n\n\n<p><em>Barbara Duggen<\/em>, \u2018The Mobile Seamstress\u2019, is struggling to keep her fabric shop alive. After a botched sewing appointment sets her on a quest to replace her client\u2019s lost button, she unexpectedly stumbles upon a drug deal gone bad. Faced with two downed motorcyclists, guns, and a briefcase - Barbara is completely torn. She is forced to pick between three choices: commit the perfect crime, call the police, or drive away.<\/p>\n\n\n\n<p>The narrative presents the repercussions of all three decisions, and the deadly confrontations that result from each as she gets entangled with the case\u2019s owner. Using thread to free herself, Barbara stops at nothing to save her store.<\/p>\n\n\n\n<hr class=\"wp-block-separator has-alpha-channel-opacity\"\/>\n\n\n\n<p><strong>Release date<\/strong> : March 2024<br><strong>Directed by<\/strong> : <em>Freddy Mcdonald<\/em><br><strong>Music <\/strong>: <em>Jacob Tardien<\/em><br><strong>Starring<\/strong> : <em>Dagna Litzenberger Vinet, Thomas Douglas, Cor Boersma<\/em><\/p>","protected":false},"excerpt":{"rendered":"<p>Barbara Duggen, \u00ab\u00a0La Couturi\u00e8re Mobile\u00a0\u00bb, lutte pour maintenir en vie sa boutique de tissus. Apr\u00e8s un rendez-vous de couture rat\u00e9 qui la lance dans une qu\u00eate pour remplacer le bouton perdu de sa cliente, elle tombe accidentellement sur un deal de drogue qui a mal tourn\u00e9. Confront\u00e9e \u00e0 deux motocyclistes bless\u00e9s, des armes \u00e0 feu [&hellip;]<\/p>\n","protected":false},"author":1,"featured_media":0,"parent":0,"menu_order":0,"comment_status":"closed","ping_status":"closed","template":"templates\/template-full-width.php","meta":{"footnotes":""},"class_list":["post-539","page","type-page","status-publish","hentry"],"_links":{"self":[{"href":"https:\/\/www.lostupland.com\/en\/wp-json\/wp\/v2\/pages\/539","targetHints":{"allow":["GET"]}}],"collection":[{"href":"https:\/\/www.lostupland.com\/en\/wp-json\/wp\/v2\/pages"}],"about":[{"href":"https:\/\/www.lostupland.com\/en\/wp-json\/wp\/v2\/types\/page"}],"author":[{"embeddable":true,"href":"https:\/\/www.lostupland.com\/en\/wp-json\/wp\/v2\/users\/1"}],"replies":[{"embeddable":true,"href":"https:\/\/www.lostupland.com\/en\/wp-json\/wp\/v2\/comments?post=539"}],"version-history":[{"count":19,"href":"https:\/\/www.lostupland.com\/en\/wp-json\/wp\/v2\/pages\/539\/revisions"}],"predecessor-version":[{"id":641,"href":"https:\/\/www.lostupland.com\/en\/wp-json\/wp\/v2\/pages\/539\/revisions\/641"}],"wp:attachment":[{"href":"https:\/\/www.lostupland.com\/en\/wp-json\/wp\/v2\/media?parent=539"}],"curies":[{"name":"wp","href":"https:\/\/api.w.org\/{rel}","templated":true}]}}