{"id":531,"date":"2024-02-10T12:09:00","date_gmt":"2024-02-10T11:09:00","guid":{"rendered":"http:\/\/www.jacobtardien.com\/?page_id=531"},"modified":"2024-11-19T14:34:51","modified_gmt":"2024-11-19T13:34:51","slug":"test-drive","status":"publish","type":"page","link":"https:\/\/www.lostupland.com\/en\/test-drive\/","title":{"rendered":"Test Drive"},"content":{"rendered":"<figure class=\"wp-block-embed alignwide is-type-video is-provider-youtube wp-block-embed-youtube wp-embed-aspect-16-9 wp-has-aspect-ratio\"><div class=\"wp-block-embed__wrapper\">\n<iframe loading=\"lazy\" title=\"Test Drive - Trailer\" width=\"580\" height=\"326\" src=\"https:\/\/www.youtube.com\/embed\/tp2hpqDMi78?feature=oembed\" frameborder=\"0\" allow=\"accelerometer; autoplay; clipboard-write; encrypted-media; gyroscope; picture-in-picture; web-share\" referrerpolicy=\"strict-origin-when-cross-origin\" allowfullscreen><\/iframe>\n<\/div><\/figure>\n\n\n\n<p><em>Jack<\/em>a car dealership owner, decides to take <em>Montana<\/em>a prospective client, on a test drive that turns out to be much more than just a regular car experience. This test drive, far from ordinary, becomes the starting point of a series of events that inevitably intertwine their destinies.<\/p>\n\n\n\n<hr class=\"wp-block-separator has-alpha-channel-opacity\"\/>\n\n\n\n<p><strong>Release date<\/strong> : February 2024<br><strong>Directed by<\/strong> : <em>Mitchell Lazar<\/em><br><strong>Music <\/strong>: <em>Jacob Tardien<\/em><\/p>\n\n\n\n<hr class=\"wp-block-separator has-alpha-channel-opacity\"\/>\n\n\n<p><iframe loading=\"lazy\" width=\"100%\" height=\"450\" scrolling=\"no\" frameborder=\"no\" allow=\"autoplay\" src=\"https:\/\/w.soundcloud.com\/player\/?url=https%3A\/\/api.soundcloud.com\/playlists\/1909455499&#038;color=%23ff5500&#038;auto_play=false&#038;hide_related=false&#038;show_comments=true&#038;show_user=true&#038;show_reposts=false&#038;show_teaser=true\"><\/iframe><\/p>\n<div style=\"font-size: 10px; color: #cccccc;line-break: anywhere;word-break: normal;overflow: hidden;white-space: nowrap;text-overflow: ellipsis; font-family: Interstate,Lucida Grande,Lucida Sans Unicode,Lucida Sans,Garuda,Verdana,Tahoma,sans-serif;font-weight: 100;\"><a href=\"https:\/\/soundcloud.com\/jacobtardien\" title=\"Jacob Tardien\" target=\"_blank\" style=\"color: #cccccc; text-decoration: none;\" rel=\"noopener\">Jacob Tardien<\/a> \u00b7 <a href=\"https:\/\/soundcloud.com\/jacobtardien\/sets\/test-drive\" title=\"TEST DRIVE\" target=\"_blank\" style=\"color: #cccccc; text-decoration: none;\" rel=\"noopener\">TEST DRIVE<\/a><\/div>","protected":false},"excerpt":{"rendered":"<p>Jack, un propri\u00e9taire de concession automobile, d\u00e9cide d&#8217;emmener Montana, un client potentiel, pour un essai routier qui d\u00e9passe les limites d&rsquo;une exp\u00e9rience automobile classique. Cet essai particulier, loin d&rsquo;\u00eatre ordinaire, sert de catalyseur \u00e0 une s\u00e9rie d&rsquo;\u00e9v\u00e9nements qui tissent inexorablement leurs destins ensemble. Date : F\u00e9vrier 2024R\u00e9alisation : Mitchell LazarMusique : Jacob Tardien<\/p>","protected":false},"author":1,"featured_media":0,"parent":0,"menu_order":0,"comment_status":"closed","ping_status":"closed","template":"templates\/template-full-width.php","meta":{"footnotes":""},"class_list":["post-531","page","type-page","status-publish","hentry"],"_links":{"self":[{"href":"https:\/\/www.lostupland.com\/en\/wp-json\/wp\/v2\/pages\/531","targetHints":{"allow":["GET"]}}],"collection":[{"href":"https:\/\/www.lostupland.com\/en\/wp-json\/wp\/v2\/pages"}],"about":[{"href":"https:\/\/www.lostupland.com\/en\/wp-json\/wp\/v2\/types\/page"}],"author":[{"embeddable":true,"href":"https:\/\/www.lostupland.com\/en\/wp-json\/wp\/v2\/users\/1"}],"replies":[{"embeddable":true,"href":"https:\/\/www.lostupland.com\/en\/wp-json\/wp\/v2\/comments?post=531"}],"version-history":[{"count":5,"href":"https:\/\/www.lostupland.com\/en\/wp-json\/wp\/v2\/pages\/531\/revisions"}],"predecessor-version":[{"id":560,"href":"https:\/\/www.lostupland.com\/en\/wp-json\/wp\/v2\/pages\/531\/revisions\/560"}],"wp:attachment":[{"href":"https:\/\/www.lostupland.com\/en\/wp-json\/wp\/v2\/media?parent=531"}],"curies":[{"name":"wp","href":"https:\/\/api.w.org\/{rel}","templated":true}]}}