{"id":396,"date":"2021-10-15T07:46:29","date_gmt":"2021-10-15T05:46:29","guid":{"rendered":"http:\/\/www.jacobtardien.com\/?page_id=396"},"modified":"2021-10-15T07:46:53","modified_gmt":"2021-10-15T05:46:53","slug":"hey-yu","status":"publish","type":"page","link":"https:\/\/www.lostupland.com\/en\/hey-yu\/","title":{"rendered":"Hey yu"},"content":{"rendered":"<figure class=\"wp-block-image size-full\"><img loading=\"lazy\" decoding=\"async\" width=\"1500\" height=\"811\" src=\"https:\/\/www.jacobtardien.com\/wp-content\/uploads\/2021\/10\/HeyYu_Still3.jpg\" alt=\"\" class=\"wp-image-399\" srcset=\"https:\/\/www.lostupland.com\/wp-content\/uploads\/2021\/10\/HeyYu_Still3.jpg 1500w, https:\/\/www.lostupland.com\/wp-content\/uploads\/2021\/10\/HeyYu_Still3-300x162.jpg 300w, https:\/\/www.lostupland.com\/wp-content\/uploads\/2021\/10\/HeyYu_Still3-1024x554.jpg 1024w, https:\/\/www.lostupland.com\/wp-content\/uploads\/2021\/10\/HeyYu_Still3-768x415.jpg 768w, https:\/\/www.lostupland.com\/wp-content\/uploads\/2021\/10\/HeyYu_Still3-16x9.jpg 16w, https:\/\/www.lostupland.com\/wp-content\/uploads\/2021\/10\/HeyYu_Still3-1200x649.jpg 1200w\" sizes=\"auto, (max-width: 1500px) 100vw, 1500px\" \/><\/figure>\n\n\n\n<p>A delightful lockdown-themed short by Vancouver-based writer and director <strong>Athena Han<\/strong> .<\/p>\n\n\n\n<p>\"Hey Y\u00fa\" follows a man named <strong>Kent<\/strong> who attempts to juggle a phone call from his parents with a deadline for a Zoom call, all while noticing something strange going.<\/p>\n\n\n\n<hr class=\"wp-block-separator\"\/>\n\n\n\n<p><strong>Release date<\/strong> : September 2021<br><strong>Directed by<\/strong> : <a rel=\"noreferrer noopener\" href=\"https:\/\/athenahan.com\" data-type=\"URL\" data-id=\"https:\/\/athenahan.com\" target=\"_blank\">Athena Han<\/a><br><strong>Lead<\/strong> : Jian Ping Su \/ \u5bbf\u5efa\u5e73<br><strong>Mother voice<\/strong> : Michelle Chen \/ \u9673\u6167\u9e97<br><strong>Father voice <\/strong>: David Shen \/ \u6c88\u53c8\u8398<br><strong>Coworker Voices<\/strong> : Michelle Kee \/ \u7d00\u611b\u7389, Patrick Shaw, Cl\u00e9ment Llobet, Katie Ryder, Julia Farry<br><strong>Cinematographer <\/strong>: Christian Lai \/ \u9ece\u6b23\u5065<br><strong>Camera Operator<\/strong> : Titouan Fournier<br><strong>LX\/Grip <\/strong>: Slatie Chu \/ \u8212\u5fb7<br><strong>Sound Recordist <\/strong>: Alex Shamku<br><strong>Production Designer<\/strong> : Yuezhang Qin \/ \u79e6\u6a02\u7ae0<br><strong>Art Director<\/strong> : Shengyuan Meng \/ \u5b5f\u8056\u6e90<br><strong>Hair &amp; Makeup Artist<\/strong> : Kaeko Fujiyama \/ \u9999\u7d75\u5b50<br><strong>Music<\/strong> : Jacob Tardien<br><strong>Final Sound Mix<\/strong> : Emmy Sainz<br><strong>Visual Effects Supervisor<\/strong> : Camil Adell<\/p>","protected":false},"excerpt":{"rendered":"<p>R\u00e9alis\u00e9 par Athena Han originaire de Ta\u00efwan et qui vit \u00e0 Vancouver, Ce film raconte l&rsquo;histoire de Kent qui&nbsp;&nbsp;se rend compte pendant une conf\u00e9rence t\u00e9l\u00e9phonique que ses poissons rouges se comportent de fa\u00e7on \u00e9trange . Date : Septembre 2021R\u00e9alisation : Athena HanCom\u00e9dien : Jian Ping Su \/ \u5bbf\u5efa\u5e73Voix de la m\u00e8re : Michelle Chen \/ [&hellip;]<\/p>\n","protected":false},"author":1,"featured_media":397,"parent":0,"menu_order":0,"comment_status":"closed","ping_status":"closed","template":"templates\/template-full-width.php","meta":{"footnotes":""},"class_list":["post-396","page","type-page","status-publish","has-post-thumbnail","hentry"],"_links":{"self":[{"href":"https:\/\/www.lostupland.com\/en\/wp-json\/wp\/v2\/pages\/396","targetHints":{"allow":["GET"]}}],"collection":[{"href":"https:\/\/www.lostupland.com\/en\/wp-json\/wp\/v2\/pages"}],"about":[{"href":"https:\/\/www.lostupland.com\/en\/wp-json\/wp\/v2\/types\/page"}],"author":[{"embeddable":true,"href":"https:\/\/www.lostupland.com\/en\/wp-json\/wp\/v2\/users\/1"}],"replies":[{"embeddable":true,"href":"https:\/\/www.lostupland.com\/en\/wp-json\/wp\/v2\/comments?post=396"}],"version-history":[{"count":7,"href":"https:\/\/www.lostupland.com\/en\/wp-json\/wp\/v2\/pages\/396\/revisions"}],"predecessor-version":[{"id":405,"href":"https:\/\/www.lostupland.com\/en\/wp-json\/wp\/v2\/pages\/396\/revisions\/405"}],"wp:featuredmedia":[{"embeddable":true,"href":"https:\/\/www.lostupland.com\/en\/wp-json\/wp\/v2\/media\/397"}],"wp:attachment":[{"href":"https:\/\/www.lostupland.com\/en\/wp-json\/wp\/v2\/media?parent=396"}],"curies":[{"name":"wp","href":"https:\/\/api.w.org\/{rel}","templated":true}]}}