{"id":383,"date":"2021-04-17T17:14:15","date_gmt":"2021-04-17T15:14:15","guid":{"rendered":"http:\/\/www.jacobtardien.com\/?page_id=383"},"modified":"2022-08-13T08:21:50","modified_gmt":"2022-08-13T06:21:50","slug":"retrieval","status":"publish","type":"page","link":"https:\/\/www.lostupland.com\/en\/retrieval\/","title":{"rendered":"Retrieval"},"content":{"rendered":"<div class=\"wp-block-image\"><figure class=\"aligncenter size-large\"><img loading=\"lazy\" decoding=\"async\" width=\"1024\" height=\"577\" src=\"https:\/\/www.jacobtardien.com\/wp-content\/uploads\/2021\/04\/Retrieval-laurels-1024x577.jpg\" alt=\"\" class=\"wp-image-384\" srcset=\"https:\/\/www.lostupland.com\/wp-content\/uploads\/2021\/04\/Retrieval-laurels-1024x577.jpg 1024w, https:\/\/www.lostupland.com\/wp-content\/uploads\/2021\/04\/Retrieval-laurels-300x169.jpg 300w, https:\/\/www.lostupland.com\/wp-content\/uploads\/2021\/04\/Retrieval-laurels-768x433.jpg 768w, https:\/\/www.lostupland.com\/wp-content\/uploads\/2021\/04\/Retrieval-laurels-1536x866.jpg 1536w, https:\/\/www.lostupland.com\/wp-content\/uploads\/2021\/04\/Retrieval-laurels-2048x1154.jpg 2048w, https:\/\/www.lostupland.com\/wp-content\/uploads\/2021\/04\/Retrieval-laurels-16x9.jpg 16w, https:\/\/www.lostupland.com\/wp-content\/uploads\/2021\/04\/Retrieval-laurels-1200x676.jpg 1200w, https:\/\/www.lostupland.com\/wp-content\/uploads\/2021\/04\/Retrieval-laurels-1980x1116.jpg 1980w\" sizes=\"auto, (max-width: 1024px) 100vw, 1024px\" \/><\/figure><\/div>\n\n\n\n<p>In the year 2143, a young woman confronts her childhood trauma within a virtual reality therapy session, only to discover her inner demons are real.<\/p>\n\n\n\n<hr class=\"wp-block-separator\"\/>\n\n\n\n<iframe loading=\"lazy\" width=\"100%\" height=\"450\" scrolling=\"no\" frameborder=\"no\" allow=\"autoplay\" src=\"https:\/\/w.soundcloud.com\/player\/?url=https%3A\/\/api.soundcloud.com\/playlists\/1243703383&#038;color=%23ff5500&#038;auto_play=true&#038;hide_related=false&#038;show_comments=true&#038;show_user=true&#038;show_reposts=false&#038;show_teaser=true\"><\/iframe><div style=\"font-size: 10px; color: #cccccc;line-break: anywhere;word-break: normal;overflow: hidden;white-space: nowrap;text-overflow: ellipsis; font-family: Interstate,Lucida Grande,Lucida Sans Unicode,Lucida Sans,Garuda,Verdana,Tahoma,sans-serif;font-weight: 100;\"><a href=\"https:\/\/soundcloud.com\/jacobtardien\" title=\"Jacob Tardien\" target=\"_blank\" style=\"color: #cccccc; text-decoration: none;\" rel=\"noopener\">Jacob Tardien<\/a> \u00b7 <a href=\"https:\/\/soundcloud.com\/jacobtardien\/sets\/retrieval\" title=\"RETRIEVAL\" target=\"_blank\" style=\"color: #cccccc; text-decoration: none;\" rel=\"noopener\">RETRIEVAL<\/a><\/div>","protected":false},"excerpt":{"rendered":"<p>En 2143, une jeune femme revit un traumatisme d&rsquo;enfance lors d&rsquo;une th\u00e9rapie virtuelle. Mais elle s&rsquo;aper\u00e7oit tr\u00e8s vite que ses d\u00e9mons sont quant \u00e0 eux bien r\u00e9els. Jacob Tardien \u00b7 RETRIEVAL<\/p>","protected":false},"author":1,"featured_media":0,"parent":0,"menu_order":0,"comment_status":"closed","ping_status":"closed","template":"templates\/template-full-width.php","meta":{"footnotes":""},"class_list":["post-383","page","type-page","status-publish","hentry"],"_links":{"self":[{"href":"https:\/\/www.lostupland.com\/en\/wp-json\/wp\/v2\/pages\/383","targetHints":{"allow":["GET"]}}],"collection":[{"href":"https:\/\/www.lostupland.com\/en\/wp-json\/wp\/v2\/pages"}],"about":[{"href":"https:\/\/www.lostupland.com\/en\/wp-json\/wp\/v2\/types\/page"}],"author":[{"embeddable":true,"href":"https:\/\/www.lostupland.com\/en\/wp-json\/wp\/v2\/users\/1"}],"replies":[{"embeddable":true,"href":"https:\/\/www.lostupland.com\/en\/wp-json\/wp\/v2\/comments?post=383"}],"version-history":[{"count":4,"href":"https:\/\/www.lostupland.com\/en\/wp-json\/wp\/v2\/pages\/383\/revisions"}],"predecessor-version":[{"id":461,"href":"https:\/\/www.lostupland.com\/en\/wp-json\/wp\/v2\/pages\/383\/revisions\/461"}],"wp:attachment":[{"href":"https:\/\/www.lostupland.com\/en\/wp-json\/wp\/v2\/media?parent=383"}],"curies":[{"name":"wp","href":"https:\/\/api.w.org\/{rel}","templated":true}]}}