{"id":171,"date":"2020-12-15T21:12:38","date_gmt":"2020-12-15T20:12:38","guid":{"rendered":"http:\/\/2020.jacobtardien.com\/?page_id=171"},"modified":"2021-10-15T10:44:18","modified_gmt":"2021-10-15T08:44:18","slug":"biographie","status":"publish","type":"page","link":"https:\/\/www.lostupland.com\/en\/biographie\/","title":{"rendered":"Biography"},"content":{"rendered":"<figure class=\"wp-block-embed is-type-video is-provider-vimeo wp-block-embed-vimeo wp-embed-aspect-16-9 wp-has-aspect-ratio\"><div class=\"wp-block-embed__wrapper\">\n<iframe loading=\"lazy\" title=\"Yojimbo\" src=\"https:\/\/player.vimeo.com\/video\/65579166?dnt=1&amp;app_id=122963\" width=\"580\" height=\"326\" frameborder=\"0\" allow=\"autoplay; fullscreen; picture-in-picture; clipboard-write\"><\/iframe>\n<\/div><\/figure>\n\n\n\n<div class=\"wp-block-columns is-layout-flex wp-container-core-columns-is-layout-9d6595d7 wp-block-columns-is-layout-flex\">\n<div class=\"wp-block-column is-layout-flow wp-block-column-is-layout-flow\">\n<p>Jacob Tardien s\u2019oriente&nbsp; vers la composition apr\u00e8s des \u00e9tudes de piano. Il se forme \u00e0 l\u2019analyse, l\u2019harmonie, la composition, et l\u2019orchestration, aupr\u00e8s de Karim Haddad (IRCAM), Isabelle Duha (CNSMDP, ENS), Olivier Kaspar (CNSMDL) et Steven Scott Smailey, (orchestrateur de Danny Elfman, workshop Film Center, New York).<\/p>\n\n\n\n<p>In 2002, he founded the independent music production <a href=\"http:\/\/2020.jacobtardien.com\/zerowatt\/\" data-type=\"page\" data-id=\"167\">collective Zerowatt<\/a> . This fertile environment fed his collaborations with such eclectic musicians as Sandra N\u2019Kake, Hugh Coltman and Gerald Toto (Nouvelle Vague). These partnerships gave rise to two albums and allowed him to deepen the connection in his work between written music and live creation.<\/p>\n<\/div>\n\n\n\n<div class=\"wp-block-column is-layout-flow wp-block-column-is-layout-flow\">\n<p>In 2010 together with Bertrand D\u00e9foss\u00e9 he created the <a href=\"http:\/\/2020.jacobtardien.com\/reload-music\/\" data-type=\"page\" data-id=\"157\">Reload&nbsp;Music<\/a> project, which offers a fresh experience of classical movies by reinventing the scores.<\/p>\n\n\n\n<p>Parall\u00e8lement, son go\u00fbt pour le rapport entre la musique et l\u2019image l\u2019am\u00e8ne \u00e0 \u00e9crire la musique de diff\u00e9rents courts-m\u00e9trages. Il travaille ainsi avec des r\u00e9alisateurs comme Mika\u00ebl Buch, Antoine Lebos, Akihiro Hata et Roland&nbsp;Sourau.<\/p>\n\n\n\n<p>In 2011, the international concert artist Cyprien Katzaris recorded one of his pieces for piano under the label Piano 21.<\/p>\n<\/div>\n<\/div>","protected":false},"excerpt":{"rendered":"<p>Jacob Tardien s\u2019oriente&nbsp; vers la composition apr\u00e8s des \u00e9tudes de piano. Il se forme \u00e0 l\u2019analyse, l\u2019harmonie, la composition, et l\u2019orchestration, aupr\u00e8s de Karim Haddad (IRCAM), Isabelle Duha (CNSMDP, ENS), Olivier Kaspar (CNSMDL) et Steven Scott Smailey, (orchestrateur de Danny Elfman, workshop Film Center, New York). En 2002, il cr\u00e9e, afin de produire sa musique [&hellip;]<\/p>\n","protected":false},"author":1,"featured_media":0,"parent":0,"menu_order":0,"comment_status":"closed","ping_status":"closed","template":"templates\/template-full-width.php","meta":{"footnotes":""},"class_list":["post-171","page","type-page","status-publish","hentry"],"_links":{"self":[{"href":"https:\/\/www.lostupland.com\/en\/wp-json\/wp\/v2\/pages\/171","targetHints":{"allow":["GET"]}}],"collection":[{"href":"https:\/\/www.lostupland.com\/en\/wp-json\/wp\/v2\/pages"}],"about":[{"href":"https:\/\/www.lostupland.com\/en\/wp-json\/wp\/v2\/types\/page"}],"author":[{"embeddable":true,"href":"https:\/\/www.lostupland.com\/en\/wp-json\/wp\/v2\/users\/1"}],"replies":[{"embeddable":true,"href":"https:\/\/www.lostupland.com\/en\/wp-json\/wp\/v2\/comments?post=171"}],"version-history":[{"count":5,"href":"https:\/\/www.lostupland.com\/en\/wp-json\/wp\/v2\/pages\/171\/revisions"}],"predecessor-version":[{"id":447,"href":"https:\/\/www.lostupland.com\/en\/wp-json\/wp\/v2\/pages\/171\/revisions\/447"}],"wp:attachment":[{"href":"https:\/\/www.lostupland.com\/en\/wp-json\/wp\/v2\/media?parent=171"}],"curies":[{"name":"wp","href":"https:\/\/api.w.org\/{rel}","templated":true}]}}