{"id":162,"date":"2020-12-15T20:57:04","date_gmt":"2020-12-15T19:57:04","guid":{"rendered":"http:\/\/2020.jacobtardien.com\/?page_id=162"},"modified":"2020-12-18T16:58:43","modified_gmt":"2020-12-18T15:58:43","slug":"silence","status":"publish","type":"page","link":"https:\/\/www.lostupland.com\/en\/silence\/","title":{"rendered":"Silence"},"content":{"rendered":"<figure class=\"wp-block-embed is-type-video is-provider-vimeo wp-block-embed-vimeo wp-embed-aspect-21-9 wp-has-aspect-ratio\"><div class=\"wp-block-embed__wrapper\">\n<iframe loading=\"lazy\" title=\"Silence\" src=\"https:\/\/player.vimeo.com\/video\/109139241?dnt=1&amp;app_id=122963\" width=\"580\" height=\"247\" frameborder=\"0\" allow=\"autoplay; fullscreen; picture-in-picture; clipboard-write\"><\/iframe>\n<\/div><\/figure>\n\n\n\n<p>Silence is Roland Sourau\u2019s first short film. Jacob Tardien composed the music. Originally, this short film was written to raise awareness amongst teenagers (12-16 year-old) about the risks and consequences of rape. Teachers and pedagogical teams use this short film to open discussions and treat this subject in a different way.<\/p>\n\n\n\n<hr class=\"wp-block-separator is-style-wide\"\/>\n\n\n\n<p><strong>Release date<\/strong> : November 2014<br><strong>Directed by<\/strong> : <a rel=\"noreferrer noopener\" href=\"http:\/\/www.roland-sourau.com\/\" target=\"_blank\"><em>Roland Sourau<\/em><\/a><br><strong>Music<\/strong> : <em>Jacob Tardien<\/em><br><\/p>","protected":false},"excerpt":{"rendered":"<p>Silence est le premier court m\u00e9trage du r\u00e9alisateur Roland Sourau. La musique a \u00e9t\u00e9 compos\u00e9e par Jacob Tardien. A l&rsquo;origine de ce court m\u00e9trage, se cache l&rsquo;envie de cr\u00e9er un outil p\u00e9dagogique et informatif \u00e0 l&rsquo;attention des 12-16ans pour \u00e9ventuellement servir de support \u00e0 des discussions. Date de r\u00e9alisation : Novembre 2014R\u00e9alisation : Roland SourauMusique [&hellip;]<\/p>\n","protected":false},"author":1,"featured_media":0,"parent":0,"menu_order":0,"comment_status":"closed","ping_status":"closed","template":"templates\/template-full-width.php","meta":{"footnotes":""},"class_list":["post-162","page","type-page","status-publish","hentry"],"_links":{"self":[{"href":"https:\/\/www.lostupland.com\/en\/wp-json\/wp\/v2\/pages\/162","targetHints":{"allow":["GET"]}}],"collection":[{"href":"https:\/\/www.lostupland.com\/en\/wp-json\/wp\/v2\/pages"}],"about":[{"href":"https:\/\/www.lostupland.com\/en\/wp-json\/wp\/v2\/types\/page"}],"author":[{"embeddable":true,"href":"https:\/\/www.lostupland.com\/en\/wp-json\/wp\/v2\/users\/1"}],"replies":[{"embeddable":true,"href":"https:\/\/www.lostupland.com\/en\/wp-json\/wp\/v2\/comments?post=162"}],"version-history":[{"count":3,"href":"https:\/\/www.lostupland.com\/en\/wp-json\/wp\/v2\/pages\/162\/revisions"}],"predecessor-version":[{"id":312,"href":"https:\/\/www.lostupland.com\/en\/wp-json\/wp\/v2\/pages\/162\/revisions\/312"}],"wp:attachment":[{"href":"https:\/\/www.lostupland.com\/en\/wp-json\/wp\/v2\/media?parent=162"}],"curies":[{"name":"wp","href":"https:\/\/api.w.org\/{rel}","templated":true}]}}