{"id":150,"date":"2020-12-15T20:38:19","date_gmt":"2020-12-15T19:38:19","guid":{"rendered":"http:\/\/2020.jacobtardien.com\/?page_id=150"},"modified":"2022-08-13T08:31:30","modified_gmt":"2022-08-13T06:31:30","slug":"la-loi-de-simon","status":"publish","type":"page","link":"https:\/\/www.lostupland.com\/en\/la-loi-de-simon\/","title":{"rendered":"La Loi de Simon"},"content":{"rendered":"<div class=\"wp-block-image\"><figure class=\"aligncenter size-large\"><img loading=\"lazy\" decoding=\"async\" width=\"600\" height=\"600\" src=\"http:\/\/2020.jacobtardien.com\/wp-content\/uploads\/2020\/12\/3663729021021_600.jpg\" alt=\"\" class=\"wp-image-151\" srcset=\"https:\/\/www.lostupland.com\/wp-content\/uploads\/2020\/12\/3663729021021_600.jpg 600w, https:\/\/www.lostupland.com\/wp-content\/uploads\/2020\/12\/3663729021021_600-300x300.jpg 300w, https:\/\/www.lostupland.com\/wp-content\/uploads\/2020\/12\/3663729021021_600-150x150.jpg 150w, https:\/\/www.lostupland.com\/wp-content\/uploads\/2020\/12\/3663729021021_600-12x12.jpg 12w\" sizes=\"auto, (max-width: 600px) 100vw, 600px\" \/><\/figure><\/div>\n\n\n\n<p>Each episode of the TV movie series <strong>La Loi de\u2026<\/strong> stars a different famous French actor whose role, as a lawyer, is to defend a seemingly impossible case.<\/p>\n\n\n\n<p><strong>La Loi de Simon <\/strong>was produced in 2016 and broadcasted in October 2016 on the French TV channel France 3. <em>Daniel Pr\u00e9vost<\/em> plays <strong>Simon Varlet<\/strong>, a criminal lawyer. <\/p>\n\n\n\n<p>The music was composed from February to March 2016.<\/p>\n\n\n\n<hr class=\"wp-block-separator is-style-wide\"\/>\n\n\n\n<p><strong>Directed by<\/strong> : <em>Didier Le P\u00eacheur<\/em><br><strong>Screenplay by<\/strong> : <em>C\u00e9line<\/em> &amp; <em>Martin Guyot<\/em><br><strong>Produced by<\/strong> : <em>FIT productions<br><\/em><strong>Music<\/strong> :<em> Jacob Tardien <\/em>&amp;<em> Bertrand Defosse<\/em><\/p>\n\n\n\n<hr class=\"wp-block-separator is-style-wide\"\/>\n\n\n\n<iframe loading=\"lazy\" width=\"100%\" height=\"450\" scrolling=\"no\" frameborder=\"no\" allow=\"autoplay\" src=\"https:\/\/w.soundcloud.com\/player\/?url=https%3A\/\/api.soundcloud.com\/playlists\/401896001&#038;color=%23ff5500&#038;auto_play=true&#038;hide_related=false&#038;show_comments=true&#038;show_user=true&#038;show_reposts=false&#038;show_teaser=true\"><\/iframe><div style=\"font-size: 10px; color: #cccccc;line-break: anywhere;word-break: normal;overflow: hidden;white-space: nowrap;text-overflow: ellipsis; font-family: Interstate,Lucida Grande,Lucida Sans Unicode,Lucida Sans,Garuda,Verdana,Tahoma,sans-serif;font-weight: 100;\"><a href=\"https:\/\/soundcloud.com\/jacobtardien\" title=\"Jacob Tardien\" target=\"_blank\" style=\"color: #cccccc; text-decoration: none;\" rel=\"noopener\">Jacob Tardien<\/a> \u00b7 <a href=\"https:\/\/soundcloud.com\/jacobtardien\/sets\/la-loi-de-simon\" title=\"La loi de Simon\" target=\"_blank\" style=\"color: #cccccc; text-decoration: none;\" rel=\"noopener\">La loi de Simon<\/a><\/div>","protected":false},"excerpt":{"rendered":"<p>La collection La Loi de\u2026 est une s\u00e9rie de t\u00e9l\u00e9films ou un acteur fran\u00e7ais de premier plan rev\u00eat la robe d\u2019avocat pour d\u00e9fendre un cas, de prime abord ind\u00e9fendable. La Loi de Simon est cr\u00e9e en 2016 et diffus\u00e9e sur France 3. L&rsquo;acteur Daniel Pr\u00e9vost y incarne Simon Varlet, un avocat p\u00e9naliste. La musique a [&hellip;]<\/p>\n","protected":false},"author":1,"featured_media":0,"parent":0,"menu_order":0,"comment_status":"closed","ping_status":"closed","template":"templates\/template-full-width.php","meta":{"footnotes":""},"class_list":["post-150","page","type-page","status-publish","hentry"],"_links":{"self":[{"href":"https:\/\/www.lostupland.com\/en\/wp-json\/wp\/v2\/pages\/150","targetHints":{"allow":["GET"]}}],"collection":[{"href":"https:\/\/www.lostupland.com\/en\/wp-json\/wp\/v2\/pages"}],"about":[{"href":"https:\/\/www.lostupland.com\/en\/wp-json\/wp\/v2\/types\/page"}],"author":[{"embeddable":true,"href":"https:\/\/www.lostupland.com\/en\/wp-json\/wp\/v2\/users\/1"}],"replies":[{"embeddable":true,"href":"https:\/\/www.lostupland.com\/en\/wp-json\/wp\/v2\/comments?post=150"}],"version-history":[{"count":5,"href":"https:\/\/www.lostupland.com\/en\/wp-json\/wp\/v2\/pages\/150\/revisions"}],"predecessor-version":[{"id":469,"href":"https:\/\/www.lostupland.com\/en\/wp-json\/wp\/v2\/pages\/150\/revisions\/469"}],"wp:attachment":[{"href":"https:\/\/www.lostupland.com\/en\/wp-json\/wp\/v2\/media?parent=150"}],"curies":[{"name":"wp","href":"https:\/\/api.w.org\/{rel}","templated":true}]}}