{"id":147,"date":"2020-12-15T20:32:55","date_gmt":"2020-12-15T19:32:55","guid":{"rendered":"http:\/\/2020.jacobtardien.com\/?page_id=147"},"modified":"2022-08-13T08:32:17","modified_gmt":"2022-08-13T06:32:17","slug":"la-loi-de-christophe","status":"publish","type":"page","link":"https:\/\/www.lostupland.com\/en\/la-loi-de-christophe\/","title":{"rendered":"La loi de Christophe"},"content":{"rendered":"<div class=\"wp-block-image\"><figure class=\"aligncenter size-large\"><img loading=\"lazy\" decoding=\"async\" width=\"600\" height=\"600\" src=\"http:\/\/2020.jacobtardien.com\/wp-content\/uploads\/2020\/12\/3663729021281_600.jpg\" alt=\"\" class=\"wp-image-148\" srcset=\"https:\/\/www.lostupland.com\/wp-content\/uploads\/2020\/12\/3663729021281_600.jpg 600w, https:\/\/www.lostupland.com\/wp-content\/uploads\/2020\/12\/3663729021281_600-300x300.jpg 300w, https:\/\/www.lostupland.com\/wp-content\/uploads\/2020\/12\/3663729021281_600-150x150.jpg 150w, https:\/\/www.lostupland.com\/wp-content\/uploads\/2020\/12\/3663729021281_600-12x12.jpg 12w\" sizes=\"auto, (max-width: 600px) 100vw, 600px\" \/><\/figure><\/div>\n\n\n\n<p>Each episode of the TV movie series <strong>La Loi de\u2026<\/strong> stars a different famous French actor whose role, as a lawyer, is to defend a seemingly impossible case.<\/p>\n\n\n\n<p><strong>La Loi de Christophe <\/strong>was produced in 2016 and broadcasted in October 2016 on the French TV channel France 3. <em>Richard Anconina<\/em> plays <strong>Christophe Vitari<\/strong>, a criminal lawyer. <\/p>\n\n\n\n<p>The music was composed from June to July 2016.<\/p>\n\n\n\n<hr class=\"wp-block-separator is-style-wide\"\/>\n\n\n\n<p><strong>Directed by<\/strong>&nbsp;: Jacques Malaterre<br><strong>Screenplay by<\/strong>&nbsp;: <em>C\u00e9line<\/em> &amp; <em>Martin Guyot<\/em><br><strong>Produced by<\/strong>&nbsp;: <em>FIT productions<br><\/em><strong>Music<\/strong> :<em> Jacob Tardien <\/em>&amp;<em> Bertrand Defosse<\/em><\/p>\n\n\n\n<hr class=\"wp-block-separator is-style-wide\"\/>\n\n\n\n<iframe loading=\"lazy\" width=\"100%\" height=\"450\" scrolling=\"no\" frameborder=\"no\" allow=\"autoplay\" src=\"https:\/\/w.soundcloud.com\/player\/?url=https%3A\/\/api.soundcloud.com\/playlists\/401616569&#038;color=%23ff5500&#038;auto_play=true&#038;hide_related=false&#038;show_comments=true&#038;show_user=true&#038;show_reposts=false&#038;show_teaser=true\"><\/iframe><div style=\"font-size: 10px; color: #cccccc;line-break: anywhere;word-break: normal;overflow: hidden;white-space: nowrap;text-overflow: ellipsis; font-family: Interstate,Lucida Grande,Lucida Sans Unicode,Lucida Sans,Garuda,Verdana,Tahoma,sans-serif;font-weight: 100;\"><a href=\"https:\/\/soundcloud.com\/jacobtardien\" title=\"Jacob Tardien\" target=\"_blank\" style=\"color: #cccccc; text-decoration: none;\" rel=\"noopener\">Jacob Tardien<\/a> \u00b7 <a href=\"https:\/\/soundcloud.com\/jacobtardien\/sets\/la-loi-de-christophe\" title=\"La loi de Christophe\" target=\"_blank\" style=\"color: #cccccc; text-decoration: none;\" rel=\"noopener\">La loi de Christophe<\/a><\/div>","protected":false},"excerpt":{"rendered":"<p>La collection La Loi de\u2026 est une s\u00e9rie de t\u00e9l\u00e9films ou un acteur fran\u00e7ais de premier plan rev\u00eat la robe d\u2019avocat pour d\u00e9fendre un cas, de prime abord ind\u00e9fendable. La Loi de Christophe est cr\u00e9e en 2016 et diffus\u00e9e sur France 3. L&rsquo;acteur Richard Anconina y incarne Christophe Vitari, un avocat p\u00e9naliste. La musique a [&hellip;]<\/p>\n","protected":false},"author":1,"featured_media":0,"parent":0,"menu_order":0,"comment_status":"closed","ping_status":"closed","template":"templates\/template-full-width.php","meta":{"footnotes":""},"class_list":["post-147","page","type-page","status-publish","hentry"],"_links":{"self":[{"href":"https:\/\/www.lostupland.com\/en\/wp-json\/wp\/v2\/pages\/147","targetHints":{"allow":["GET"]}}],"collection":[{"href":"https:\/\/www.lostupland.com\/en\/wp-json\/wp\/v2\/pages"}],"about":[{"href":"https:\/\/www.lostupland.com\/en\/wp-json\/wp\/v2\/types\/page"}],"author":[{"embeddable":true,"href":"https:\/\/www.lostupland.com\/en\/wp-json\/wp\/v2\/users\/1"}],"replies":[{"embeddable":true,"href":"https:\/\/www.lostupland.com\/en\/wp-json\/wp\/v2\/comments?post=147"}],"version-history":[{"count":6,"href":"https:\/\/www.lostupland.com\/en\/wp-json\/wp\/v2\/pages\/147\/revisions"}],"predecessor-version":[{"id":470,"href":"https:\/\/www.lostupland.com\/en\/wp-json\/wp\/v2\/pages\/147\/revisions\/470"}],"wp:attachment":[{"href":"https:\/\/www.lostupland.com\/en\/wp-json\/wp\/v2\/media?parent=147"}],"curies":[{"name":"wp","href":"https:\/\/api.w.org\/{rel}","templated":true}]}}