{"id":144,"date":"2020-12-15T20:27:45","date_gmt":"2020-12-15T19:27:45","guid":{"rendered":"http:\/\/2020.jacobtardien.com\/?page_id=144"},"modified":"2022-08-13T08:37:46","modified_gmt":"2022-08-13T06:37:46","slug":"la-loi-de-barbara","status":"publish","type":"page","link":"https:\/\/www.lostupland.com\/en\/la-loi-de-barbara\/","title":{"rendered":"La Loi de Barbara"},"content":{"rendered":"<div class=\"wp-block-image\"><figure class=\"aligncenter size-large\"><img loading=\"lazy\" decoding=\"async\" width=\"1024\" height=\"1024\" src=\"http:\/\/2020.jacobtardien.com\/wp-content\/uploads\/2020\/12\/58157_147466-1024x1024.jpg\" alt=\"\" class=\"wp-image-145\" srcset=\"https:\/\/www.lostupland.com\/wp-content\/uploads\/2020\/12\/58157_147466-1024x1024.jpg 1024w, https:\/\/www.lostupland.com\/wp-content\/uploads\/2020\/12\/58157_147466-300x300.jpg 300w, https:\/\/www.lostupland.com\/wp-content\/uploads\/2020\/12\/58157_147466-150x150.jpg 150w, https:\/\/www.lostupland.com\/wp-content\/uploads\/2020\/12\/58157_147466-768x768.jpg 768w, https:\/\/www.lostupland.com\/wp-content\/uploads\/2020\/12\/58157_147466-12x12.jpg 12w, https:\/\/www.lostupland.com\/wp-content\/uploads\/2020\/12\/58157_147466.jpg 1200w\" sizes=\"auto, (max-width: 1024px) 100vw, 1024px\" \/><\/figure><\/div>\n\n\n\n<p>Each episode of the TV movie series <strong>La Loi de\u2026<\/strong> stars a different famous French actor whose role, as a lawyer, is to defend a seemingly impossible case.<\/p>\n\n\n\n<p><strong>La Loi de Barbara<\/strong> has been created in 2014 and brodcasted on french TV channel France 3. The actress <em>Josiane Balasko<\/em> plays <strong>Barbara Malo<\/strong>a criminal lawyer. <\/p>\n\n\n\n<p>The music was composed from September 2013 to July 2014.<\/p>\n\n\n\n<p><\/p>\n\n\n\n<hr class=\"wp-block-separator is-style-wide\"\/>\n\n\n\n<p><strong>Directed by<\/strong>&nbsp;: <em>Didier Le P\u00eacheur<\/em><br><strong>Screenplay by<\/strong>&nbsp;: <em>C\u00e9line<\/em> &amp; <em>Martin Guyot<\/em><br><strong>Produced by<\/strong>&nbsp;: <em>FIT productions<br><\/em><strong>Music<\/strong> :<em> Jacob Tardien <\/em>&amp;<em> Bertrand D\u00e9foss\u00e9<\/em><\/p>\n\n\n\n<hr class=\"wp-block-separator is-style-wide\"\/>\n\n\n\n<iframe loading=\"lazy\" width=\"100%\" height=\"450\" scrolling=\"no\" frameborder=\"no\" allow=\"autoplay\" src=\"https:\/\/w.soundcloud.com\/player\/?url=https%3A\/\/api.soundcloud.com\/playlists\/386893787&#038;color=%23ff5500&#038;auto_play=true&#038;hide_related=false&#038;show_comments=true&#038;show_user=true&#038;show_reposts=false&#038;show_teaser=true\"><\/iframe><div style=\"font-size: 10px; color: #cccccc;line-break: anywhere;word-break: normal;overflow: hidden;white-space: nowrap;text-overflow: ellipsis; font-family: Interstate,Lucida Grande,Lucida Sans Unicode,Lucida Sans,Garuda,Verdana,Tahoma,sans-serif;font-weight: 100;\"><a href=\"https:\/\/soundcloud.com\/jacobtardien\" title=\"Jacob Tardien\" target=\"_blank\" style=\"color: #cccccc; text-decoration: none;\" rel=\"noopener\">Jacob Tardien<\/a> \u00b7 <a href=\"https:\/\/soundcloud.com\/jacobtardien\/sets\/la-loi-de-barbara\" title=\"La loi de Barbara\" target=\"_blank\" style=\"color: #cccccc; text-decoration: none;\" rel=\"noopener\">La loi de Barbara<\/a><\/div>","protected":false},"excerpt":{"rendered":"<p>La collection La Loi de\u2026 est une s\u00e9rie de t\u00e9l\u00e9films ou un acteur fran\u00e7ais de premier plan rev\u00eat la robe d\u2019avocat pour d\u00e9fendre un cas, de prime abord ind\u00e9fendable. La Loi de Barbara est cr\u00e9e en 2014 et diffus\u00e9e sur France 3. L&rsquo;actrice Josiane Balasko y incarne Barbara Malo, une avocate p\u00e9naliste. La s\u00e9rie comporte [&hellip;]<\/p>\n","protected":false},"author":1,"featured_media":0,"parent":0,"menu_order":0,"comment_status":"closed","ping_status":"closed","template":"templates\/template-full-width.php","meta":{"footnotes":""},"class_list":["post-144","page","type-page","status-publish","hentry"],"_links":{"self":[{"href":"https:\/\/www.lostupland.com\/en\/wp-json\/wp\/v2\/pages\/144","targetHints":{"allow":["GET"]}}],"collection":[{"href":"https:\/\/www.lostupland.com\/en\/wp-json\/wp\/v2\/pages"}],"about":[{"href":"https:\/\/www.lostupland.com\/en\/wp-json\/wp\/v2\/types\/page"}],"author":[{"embeddable":true,"href":"https:\/\/www.lostupland.com\/en\/wp-json\/wp\/v2\/users\/1"}],"replies":[{"embeddable":true,"href":"https:\/\/www.lostupland.com\/en\/wp-json\/wp\/v2\/comments?post=144"}],"version-history":[{"count":8,"href":"https:\/\/www.lostupland.com\/en\/wp-json\/wp\/v2\/pages\/144\/revisions"}],"predecessor-version":[{"id":475,"href":"https:\/\/www.lostupland.com\/en\/wp-json\/wp\/v2\/pages\/144\/revisions\/475"}],"wp:attachment":[{"href":"https:\/\/www.lostupland.com\/en\/wp-json\/wp\/v2\/media?parent=144"}],"curies":[{"name":"wp","href":"https:\/\/api.w.org\/{rel}","templated":true}]}}