{"id":142,"date":"2020-12-15T20:21:51","date_gmt":"2020-12-15T19:21:51","guid":{"rendered":"http:\/\/2020.jacobtardien.com\/?page_id=142"},"modified":"2022-08-13T08:25:29","modified_gmt":"2022-08-13T06:25:29","slug":"fridge","status":"publish","type":"page","link":"https:\/\/www.lostupland.com\/en\/fridge\/","title":{"rendered":"Fridge"},"content":{"rendered":"<figure class=\"wp-block-embed is-type-video is-provider-vimeo wp-block-embed-vimeo wp-embed-aspect-16-9 wp-has-aspect-ratio\"><div class=\"wp-block-embed__wrapper\">\n<iframe loading=\"lazy\" title=\"Fridge\" src=\"https:\/\/player.vimeo.com\/video\/364855790?dnt=1&amp;app_id=122963\" width=\"580\" height=\"326\" frameborder=\"0\" allow=\"autoplay; fullscreen; picture-in-picture; clipboard-write\"><\/iframe>\n<\/div><\/figure>\n\n\n\n<p>A woman is overcome by her carnivorous desires.<\/p>\n\n\n\n<p>Eugene Kolb is a filmmaker and animator. Originally from Ukraine, he learned English by watching countless subtitled American and foreign films with his family.<\/p>\n\n\n\n<p>His first short film, \"A Subway Story\" premiered at the 2016 Tribeca Film Festival and went on to screen at numerous US festivals.<\/p>\n\n\n\n<p>He enjoys experimenting with different styles and methods of visual storytelling, often employing a mixed-media approach to his work.<\/p>\n\n\n\n<p>He lives in Philadelphia.<\/p>\n\n\n\n<hr class=\"wp-block-separator is-style-wide\"\/>\n\n\n\n<p><strong>Release date <\/strong>: 2019<br><strong>Directed by <\/strong>: <em>Eugene Kolb<\/em><br><strong>Music <\/strong>:<em> Jacob Tardien<\/em><\/p>\n\n\n\n<hr class=\"wp-block-separator is-style-wide\"\/>\n\n\n\n<iframe loading=\"lazy\" width=\"100%\" height=\"166\" scrolling=\"no\" frameborder=\"no\" allow=\"autoplay\" src=\"https:\/\/w.soundcloud.com\/player\/?url=https%3A\/\/api.soundcloud.com\/tracks\/683251556&#038;color=%23ff5500&#038;auto_play=true&#038;hide_related=false&#038;show_comments=true&#038;show_user=true&#038;show_reposts=false&#038;show_teaser=true\"><\/iframe><div style=\"font-size: 10px; color: #cccccc;line-break: anywhere;word-break: normal;overflow: hidden;white-space: nowrap;text-overflow: ellipsis; font-family: Interstate,Lucida Grande,Lucida Sans Unicode,Lucida Sans,Garuda,Verdana,Tahoma,sans-serif;font-weight: 100;\"><a href=\"https:\/\/soundcloud.com\/jacobtardien\" title=\"Jacob Tardien\" target=\"_blank\" style=\"color: #cccccc; text-decoration: none;\" rel=\"noopener\">Jacob Tardien<\/a> \u00b7 <a href=\"https:\/\/soundcloud.com\/jacobtardien\/fridge\" title=\"FRIDGE\" target=\"_blank\" style=\"color: #cccccc; text-decoration: none;\" rel=\"noopener\">FRIDGE<\/a><\/div>","protected":false},"excerpt":{"rendered":"<p>Une femme se retrouve d\u00e9pass\u00e9e par ses pulsions carnivores. Eugene Kolb est cin\u00e9aste et animateur. Originaire d&rsquo;Ukraine, il a appris l&rsquo;anglais en regardant d&rsquo;innombrables films am\u00e9ricains et \u00e9trangers sous-titr\u00e9s avec sa famille. Son premier court m\u00e9trage, \u00ab\u00a0A Subway Story\u00a0\u00bb a \u00e9t\u00e9 pr\u00e9sent\u00e9 au Tribeca Film Festival 2016 et a ensuite \u00e9t\u00e9 projet\u00e9 dans de nombreux [&hellip;]<\/p>\n","protected":false},"author":1,"featured_media":0,"parent":0,"menu_order":0,"comment_status":"closed","ping_status":"closed","template":"templates\/template-full-width.php","meta":{"footnotes":""},"class_list":["post-142","page","type-page","status-publish","hentry"],"_links":{"self":[{"href":"https:\/\/www.lostupland.com\/en\/wp-json\/wp\/v2\/pages\/142","targetHints":{"allow":["GET"]}}],"collection":[{"href":"https:\/\/www.lostupland.com\/en\/wp-json\/wp\/v2\/pages"}],"about":[{"href":"https:\/\/www.lostupland.com\/en\/wp-json\/wp\/v2\/types\/page"}],"author":[{"embeddable":true,"href":"https:\/\/www.lostupland.com\/en\/wp-json\/wp\/v2\/users\/1"}],"replies":[{"embeddable":true,"href":"https:\/\/www.lostupland.com\/en\/wp-json\/wp\/v2\/comments?post=142"}],"version-history":[{"count":4,"href":"https:\/\/www.lostupland.com\/en\/wp-json\/wp\/v2\/pages\/142\/revisions"}],"predecessor-version":[{"id":464,"href":"https:\/\/www.lostupland.com\/en\/wp-json\/wp\/v2\/pages\/142\/revisions\/464"}],"wp:attachment":[{"href":"https:\/\/www.lostupland.com\/en\/wp-json\/wp\/v2\/media?parent=142"}],"curies":[{"name":"wp","href":"https:\/\/api.w.org\/{rel}","templated":true}]}}