{"id":130,"date":"2020-12-15T18:50:14","date_gmt":"2020-12-15T17:50:14","guid":{"rendered":"http:\/\/2020.jacobtardien.com\/?page_id=130"},"modified":"2022-08-13T08:33:17","modified_gmt":"2022-08-13T06:33:17","slug":"chambre-327","status":"publish","type":"page","link":"https:\/\/www.lostupland.com\/en\/chambre-327\/","title":{"rendered":"Chambre 327"},"content":{"rendered":"<div class=\"wp-block-image\"><figure class=\"aligncenter size-large\"><img loading=\"lazy\" decoding=\"async\" width=\"780\" height=\"519\" src=\"http:\/\/2020.jacobtardien.com\/wp-content\/uploads\/2020\/12\/698447.jpg\" alt=\"\" class=\"wp-image-131\" srcset=\"https:\/\/www.lostupland.com\/wp-content\/uploads\/2020\/12\/698447.jpg 780w, https:\/\/www.lostupland.com\/wp-content\/uploads\/2020\/12\/698447-300x200.jpg 300w, https:\/\/www.lostupland.com\/wp-content\/uploads\/2020\/12\/698447-768x511.jpg 768w, https:\/\/www.lostupland.com\/wp-content\/uploads\/2020\/12\/698447-16x12.jpg 16w\" sizes=\"auto, (max-width: 780px) 100vw, 780px\" \/><\/figure><\/div>\n\n\n\n<p><strong>Chambre 327<\/strong> is a two-episode crime series that was broadcasted on the French TV channel France 3 in December 2012. Directed by <em>Beno\u00eet d&rsquo;Aubert<\/em>.<\/p>\n\n\n\n<p>The music was composed from May 2012 to July 2012.<\/p>\n\n\n\n<hr class=\"wp-block-separator is-style-wide\"\/>\n\n\n\n<p><strong>Directed by<\/strong> : <em>Beno\u00eet d&rsquo;Aubert<\/em><br><strong>Starring<\/strong> : <em>Isabel&nbsp;Otero<\/em>, <em>Pierre&nbsp;Cassignard<\/em>, <em>Lannick&nbsp;Gautry<\/em>, <em>Flore&nbsp;Bonaventura<\/em>, <em>Jean-Marie&nbsp;Winling<\/em>, <em>Lisa&nbsp;Martino<\/em><br><strong>Screenplay by<\/strong> : <em>Xavier Bunley<\/em> &amp; <em>Julien Sarfati<\/em><br><strong>Producted by<\/strong> : France 3, FIT Productions &amp; AB Productions<br><strong>Music<\/strong> : <em>Jacob Tardien<\/em> and <em>Bertrand D\u00e9foss\u00e9<\/em><\/p>\n\n\n\n<hr class=\"wp-block-separator is-style-wide\"\/>\n\n\n\n<iframe loading=\"lazy\" width=\"100%\" height=\"450\" scrolling=\"no\" frameborder=\"no\" allow=\"autoplay\" src=\"https:\/\/w.soundcloud.com\/player\/?url=https%3A\/\/api.soundcloud.com\/playlists\/397642937&#038;color=%23ff5500&#038;auto_play=true&#038;hide_related=false&#038;show_comments=true&#038;show_user=true&#038;show_reposts=false&#038;show_teaser=true\"><\/iframe><div style=\"font-size: 10px; color: #cccccc;line-break: anywhere;word-break: normal;overflow: hidden;white-space: nowrap;text-overflow: ellipsis; font-family: Interstate,Lucida Grande,Lucida Sans Unicode,Lucida Sans,Garuda,Verdana,Tahoma,sans-serif;font-weight: 100;\"><a href=\"https:\/\/soundcloud.com\/jacobtardien\" title=\"Jacob Tardien\" target=\"_blank\" style=\"color: #cccccc; text-decoration: none;\" rel=\"noopener\">Jacob Tardien<\/a> \u00b7 <a href=\"https:\/\/soundcloud.com\/jacobtardien\/sets\/chambre-327\" title=\"Chambre 327\" target=\"_blank\" style=\"color: #cccccc; text-decoration: none;\" rel=\"noopener\">Chambre 327<\/a><\/div>","protected":false},"excerpt":{"rendered":"<p>Chambre 327 est une mini-s\u00e9rie polici\u00e8re fran\u00e7aise en deux \u00e9pisodes r\u00e9alis\u00e9e par Beno\u00eet d&rsquo;Aubert. Ecriture de la musique entre mai et juillet 2012. Premi\u00e9re diffusion sur France 3 le 15 et 16 decembre 2012. R\u00e9alisation : Beno\u00eet d&rsquo;AubertAvec : Isabel&nbsp;Otero, Pierre&nbsp;Cassignard, Lannick&nbsp;Gautry, Flore&nbsp;Bonaventura, Jean-Marie&nbsp;Winling, Lisa&nbsp;MartinoSc\u00e9nario : Xavier Bunley &amp; Julien SarfatiProduction : France 3, FIT [&hellip;]<\/p>\n","protected":false},"author":1,"featured_media":0,"parent":0,"menu_order":0,"comment_status":"closed","ping_status":"closed","template":"templates\/template-full-width.php","meta":{"footnotes":""},"class_list":["post-130","page","type-page","status-publish","hentry"],"_links":{"self":[{"href":"https:\/\/www.lostupland.com\/en\/wp-json\/wp\/v2\/pages\/130","targetHints":{"allow":["GET"]}}],"collection":[{"href":"https:\/\/www.lostupland.com\/en\/wp-json\/wp\/v2\/pages"}],"about":[{"href":"https:\/\/www.lostupland.com\/en\/wp-json\/wp\/v2\/types\/page"}],"author":[{"embeddable":true,"href":"https:\/\/www.lostupland.com\/en\/wp-json\/wp\/v2\/users\/1"}],"replies":[{"embeddable":true,"href":"https:\/\/www.lostupland.com\/en\/wp-json\/wp\/v2\/comments?post=130"}],"version-history":[{"count":8,"href":"https:\/\/www.lostupland.com\/en\/wp-json\/wp\/v2\/pages\/130\/revisions"}],"predecessor-version":[{"id":471,"href":"https:\/\/www.lostupland.com\/en\/wp-json\/wp\/v2\/pages\/130\/revisions\/471"}],"wp:attachment":[{"href":"https:\/\/www.lostupland.com\/en\/wp-json\/wp\/v2\/media?parent=130"}],"curies":[{"name":"wp","href":"https:\/\/api.w.org\/{rel}","templated":true}]}}