{"id":125,"date":"2020-12-15T18:45:43","date_gmt":"2020-12-15T17:45:43","guid":{"rendered":"http:\/\/2020.jacobtardien.com\/?page_id=125"},"modified":"2020-12-17T11:36:31","modified_gmt":"2020-12-17T10:36:31","slug":"air-bag-one","status":"publish","type":"page","link":"https:\/\/www.lostupland.com\/en\/air-bag-one\/","title":{"rendered":"Air Bag One"},"content":{"rendered":"<div class=\"wp-block-image\"><figure class=\"aligncenter size-large\"><img loading=\"lazy\" decoding=\"async\" width=\"1024\" height=\"715\" src=\"http:\/\/2020.jacobtardien.com\/wp-content\/uploads\/2020\/12\/Air-Bag-One-1024x715.jpg\" alt=\"\" class=\"wp-image-126\" srcset=\"https:\/\/www.lostupland.com\/wp-content\/uploads\/2020\/12\/Air-Bag-One-1024x715.jpg 1024w, https:\/\/www.lostupland.com\/wp-content\/uploads\/2020\/12\/Air-Bag-One-300x210.jpg 300w, https:\/\/www.lostupland.com\/wp-content\/uploads\/2020\/12\/Air-Bag-One-768x536.jpg 768w, https:\/\/www.lostupland.com\/wp-content\/uploads\/2020\/12\/Air-Bag-One-16x12.jpg 16w, https:\/\/www.lostupland.com\/wp-content\/uploads\/2020\/12\/Air-Bag-One-1200x838.jpg 1200w, https:\/\/www.lostupland.com\/wp-content\/uploads\/2020\/12\/Air-Bag-One.jpg 1300w\" sizes=\"auto, (max-width: 1024px) 100vw, 1024px\" \/><\/figure><\/div>\n\n\n\n<p>Air Bag One is a French Indie-electro-pop duo.\n\nTheir Summer US Tour in 2015 was organized by the production company Live Nation.\n\nOn that occasion, Jacob Tardien wrote a string arrangement and accompanied the band to conduct the string quartet during the tour.<\/p>\n\n\n\n<p>Air Bag One's <a rel=\"noreferrer noopener\" href=\"https:\/\/soundcloud.com\/airbagone\" target=\"_blank\">soundcloud<\/a>.<\/p>","protected":false},"excerpt":{"rendered":"<p>Derri\u00e8re ces trois mots, un duo atypique indie-electro-rock fran\u00e7ais en provenance du Cameroun. L\u00e9ger \u00e0 la premi\u00e8re \u00e9coute mais d\u00e9mesur\u00e9ment riche et poignant, Air\u00a0Bag\u00a0One donne un autre sens au romantisme moderne. Ils exp\u00e9rimentent la pop \u00e0 travers un large spectre teint\u00e9 d\u2019obsessions. Toujours \u00e0 la recherche de sons \u00e0 la fois pointus et imparables, Loris [&hellip;]<\/p>\n","protected":false},"author":1,"featured_media":0,"parent":0,"menu_order":0,"comment_status":"closed","ping_status":"closed","template":"templates\/template-full-width.php","meta":{"footnotes":""},"class_list":["post-125","page","type-page","status-publish","hentry"],"_links":{"self":[{"href":"https:\/\/www.lostupland.com\/en\/wp-json\/wp\/v2\/pages\/125","targetHints":{"allow":["GET"]}}],"collection":[{"href":"https:\/\/www.lostupland.com\/en\/wp-json\/wp\/v2\/pages"}],"about":[{"href":"https:\/\/www.lostupland.com\/en\/wp-json\/wp\/v2\/types\/page"}],"author":[{"embeddable":true,"href":"https:\/\/www.lostupland.com\/en\/wp-json\/wp\/v2\/users\/1"}],"replies":[{"embeddable":true,"href":"https:\/\/www.lostupland.com\/en\/wp-json\/wp\/v2\/comments?post=125"}],"version-history":[{"count":5,"href":"https:\/\/www.lostupland.com\/en\/wp-json\/wp\/v2\/pages\/125\/revisions"}],"predecessor-version":[{"id":274,"href":"https:\/\/www.lostupland.com\/en\/wp-json\/wp\/v2\/pages\/125\/revisions\/274"}],"wp:attachment":[{"href":"https:\/\/www.lostupland.com\/en\/wp-json\/wp\/v2\/media?parent=125"}],"curies":[{"name":"wp","href":"https:\/\/api.w.org\/{rel}","templated":true}]}}