{"id":519,"date":"2024-05-10T11:53:32","date_gmt":"2024-05-10T09:53:32","guid":{"rendered":"http:\/\/www.jacobtardien.com\/?page_id=519"},"modified":"2024-11-19T15:43:30","modified_gmt":"2024-11-19T14:43:30","slug":"self-shadow-animus","status":"publish","type":"page","link":"http:\/\/www.lostupland.com\/fr\/self-shadow-animus\/","title":{"rendered":"Self Shadow Animus"},"content":{"rendered":"\n<figure class=\"wp-block-embed is-type-video is-provider-vimeo wp-block-embed-vimeo wp-embed-aspect-21-9 wp-has-aspect-ratio\"><div class=\"wp-block-embed__wrapper\">\n<iframe loading=\"lazy\" title=\"Self Shadow Animus \u2013 Teaser\" src=\"https:\/\/player.vimeo.com\/video\/940288863?dnt=1&amp;app_id=122963\" width=\"580\" height=\"243\" frameborder=\"0\" allow=\"autoplay; fullscreen; picture-in-picture; clipboard-write\"><\/iframe>\n<\/div><\/figure>\n\n\n\n<p>Une adolescente n&rsquo;arrive pas \u00e0 faire la diff\u00e9rence entre r\u00eaves et r\u00e9alit\u00e9 tout en essayant de faire face \u00e0 une trag\u00e9die r\u00e9cente.<\/p>\n\n\n\n<p>Le nouveau volet de l&rsquo;univers sombre d&rsquo;horreur surnaturelle des Fr\u00e8res Reda. Le film se concentre davantage sur le drame que leurs \u0153uvres pr\u00e9c\u00e9dentes et aborde les th\u00e8mes du deuil, du traumatisme et de la mani\u00e8re dont nous nous percevons.<\/p>\n\n\n\n<hr class=\"wp-block-separator has-alpha-channel-opacity\"\/>\n\n\n<p><iframe loading=\"lazy\" width=\"100%\" height=\"450\" scrolling=\"no\" frameborder=\"no\" allow=\"autoplay\" src=\"https:\/\/w.soundcloud.com\/player\/?url=https%3A\/\/api.soundcloud.com\/playlists\/1909435739&#038;color=%23ff5500&#038;auto_play=false&#038;hide_related=false&#038;show_comments=true&#038;show_user=true&#038;show_reposts=false&#038;show_teaser=true\"><\/iframe><\/p>\n<div style=\"font-size: 10px; color: #cccccc;line-break: anywhere;word-break: normal;overflow: hidden;white-space: nowrap;text-overflow: ellipsis; font-family: Interstate,Lucida Grande,Lucida Sans Unicode,Lucida Sans,Garuda,Verdana,Tahoma,sans-serif;font-weight: 100;\"><a href=\"https:\/\/soundcloud.com\/jacobtardien\" title=\"Jacob Tardien\" target=\"_blank\" style=\"color: #cccccc; text-decoration: none;\" rel=\"noopener\">Jacob Tardien<\/a> \u00b7 <a href=\"https:\/\/soundcloud.com\/jacobtardien\/sets\/self-shadow-animus\" title=\"Self Shadow Animus\" target=\"_blank\" style=\"color: #cccccc; text-decoration: none;\" rel=\"noopener\">Self Shadow Animus<\/a><\/div>\n\n\n\n<hr class=\"wp-block-separator has-alpha-channel-opacity\"\/>\n\n\n\n<p><strong>Date<\/strong> : Avril 2024<br><strong>R\u00e9alisation<\/strong> : <em>Reda Brothers<\/em><br><strong>Musique <\/strong>: <em>Jacob Tardien<\/em><\/p>\n","protected":false},"excerpt":{"rendered":"<p>Une adolescente n&rsquo;arrive pas \u00e0 faire la diff\u00e9rence entre r\u00eaves et r\u00e9alit\u00e9 tout en essayant de faire face \u00e0 une trag\u00e9die r\u00e9cente. Le nouveau volet de l&rsquo;univers sombre d&rsquo;horreur surnaturelle des Fr\u00e8res Reda. Le film se concentre davantage sur le drame que leurs \u0153uvres pr\u00e9c\u00e9dentes et aborde les th\u00e8mes du deuil, du traumatisme et de [&hellip;]<\/p>\n","protected":false},"author":1,"featured_media":0,"parent":0,"menu_order":0,"comment_status":"closed","ping_status":"closed","template":"templates\/template-full-width.php","meta":{"footnotes":""},"class_list":["post-519","page","type-page","status-publish","hentry"],"_links":{"self":[{"href":"http:\/\/www.lostupland.com\/fr\/wp-json\/wp\/v2\/pages\/519","targetHints":{"allow":["GET"]}}],"collection":[{"href":"http:\/\/www.lostupland.com\/fr\/wp-json\/wp\/v2\/pages"}],"about":[{"href":"http:\/\/www.lostupland.com\/fr\/wp-json\/wp\/v2\/types\/page"}],"author":[{"embeddable":true,"href":"http:\/\/www.lostupland.com\/fr\/wp-json\/wp\/v2\/users\/1"}],"replies":[{"embeddable":true,"href":"http:\/\/www.lostupland.com\/fr\/wp-json\/wp\/v2\/comments?post=519"}],"version-history":[{"count":3,"href":"http:\/\/www.lostupland.com\/fr\/wp-json\/wp\/v2\/pages\/519\/revisions"}],"predecessor-version":[{"id":578,"href":"http:\/\/www.lostupland.com\/fr\/wp-json\/wp\/v2\/pages\/519\/revisions\/578"}],"wp:attachment":[{"href":"http:\/\/www.lostupland.com\/fr\/wp-json\/wp\/v2\/media?parent=519"}],"curies":[{"name":"wp","href":"https:\/\/api.w.org\/{rel}","templated":true}]}}